{"id":68,"date":"2020-10-05T12:36:53","date_gmt":"2020-10-05T12:36:53","guid":{"rendered":"https:\/\/mondialgranit.com\/index.php\/about\/"},"modified":"2025-12-01T17:06:10","modified_gmt":"2025-12-01T17:06:10","slug":"about","status":"publish","type":"page","link":"https:\/\/mondialgranit.com\/fr\/about\/","title":{"rendered":"Qui sommes-nous"},"content":{"rendered":"<div data-elementor-type=\"wp-page\" data-elementor-id=\"68\" class=\"elementor elementor-68\">\n\t\t\t\t<div class=\"aux-parallax-section elementor-element elementor-element-ed4c267 e-con-full e-flex e-con e-parent\" data-id=\"ed4c267\" data-element_type=\"container\">\n\t\t<div class=\"elementor-element elementor-element-44c0877 e-con-full e-flex e-con e-child\" data-id=\"44c0877\" data-element_type=\"container\">\n\t\t\t\t<div class=\"elementor-element elementor-element-2cf1050 aux-shpe-type-rectangle elementor-widget__width-auto aux-appear-watch-animation aux-fade-in-right-2 elementor-widget elementor-widget-aux_simple_shape\" data-id=\"2cf1050\" data-element_type=\"widget\" data-widget_type=\"aux_simple_shape.default\">\n\t\t\t\t<div class=\"elementor-widget-container\">\n\t\t\t\t\t    <div class=\"aux-widget-container aux-simple-shape-container\">\n        <div class=\"aux-widget-container-inner\">\n            <div class=\"aux-the-shape\"><\/div>\n        <\/div>\n    <\/div>\n    \t\t\t\t<\/div>\n\t\t\t\t<\/div>\n\t\t\t\t<div class=\"elementor-element elementor-element-da42ff6 aux-shpe-type-rectangle elementor-widget__width-auto aux-appear-watch-animation aux-fade-in-left-2 elementor-widget elementor-widget-aux_simple_shape\" data-id=\"da42ff6\" data-element_type=\"widget\" data-widget_type=\"aux_simple_shape.default\">\n\t\t\t\t<div class=\"elementor-widget-container\">\n\t\t\t\t\t    <div class=\"aux-widget-container aux-simple-shape-container\">\n        <div class=\"aux-widget-container-inner\">\n            <div class=\"aux-the-shape\"><\/div>\n        <\/div>\n    <\/div>\n    \t\t\t\t<\/div>\n\t\t\t\t<\/div>\n\t\t<div class=\"elementor-element elementor-element-802fc55 e-flex e-con-boxed e-con e-child\" data-id=\"802fc55\" data-element_type=\"container\">\n\t\t\t\t\t<div class=\"e-con-inner\">\n\t\t<div class=\"elementor-element elementor-element-2800eb0 e-con-full e-flex e-con e-child\" data-id=\"2800eb0\" data-element_type=\"container\">\n\t\t\t\t<div class=\"elementor-element elementor-element-a2411af aux-appear-watch-animation aux-mask-from-left elementor-widget elementor-widget-image\" data-id=\"a2411af\" data-element_type=\"widget\" data-widget_type=\"image.default\">\n\t\t\t\t<div class=\"elementor-widget-container\">\n\t\t\t\t\t\t\t\t\t\t\t\t\t\t\t<img fetchpriority=\"high\" decoding=\"async\" width=\"836\" height=\"476\" src=\"https:\/\/mondialgranit.com\/wp-content\/uploads\/2025\/11\/Screenshot-2025-11-11-alle-10.11.35.png\" class=\"attachment-large size-large wp-image-237\" alt=\"\" srcset=\"https:\/\/mondialgranit.com\/wp-content\/uploads\/2025\/11\/Screenshot-2025-11-11-alle-10.11.35.png 836w, https:\/\/mondialgranit.com\/wp-content\/uploads\/2025\/11\/Screenshot-2025-11-11-alle-10.11.35-200x114.png 200w\" sizes=\"(max-width: 836px) 100vw, 836px\" \/>\t\t\t\t\t\t\t\t\t\t\t\t\t\t\t<\/div>\n\t\t\t\t<\/div>\n\t\t\t\t<div class=\"elementor-element elementor-element-0fe4354 aux-appear-watch-animation aux-fade-in-up-1 elementor-widget elementor-widget-aux_modern_heading\" data-id=\"0fe4354\" data-element_type=\"widget\" data-widget_type=\"aux_modern_heading.default\">\n\t\t\t\t<div class=\"elementor-widget-container\">\n\t\t\t\t\t<section class=\"aux-widget-modern-heading\">\n            <div class=\"aux-widget-inner\"><h5 class=\"aux-modern-heading-primary\">\u00c0 propos de nous<\/h5><h3 class=\"aux-modern-heading-secondary\"><span class=\"aux-head-before\">Qui <\/span><span class=\"aux-head-highlight\">sommes-nous<\/span><\/h3><div class=\"aux-modern-heading-divider\"><\/div><div class=\"aux-modern-heading-description\"><p>Depuis des g\u00e9n\u00e9rations, nous travaillons le marbre avec d\u00e9vouement et exp\u00e9rience, en alliant la tradition artisanale \u00e0 la technologie moderne. Nous s\u00e9lectionnons avec soin les mat\u00e9riaux les plus pr\u00e9cieux afin d\u2019offrir des solutions uniques qui mettent en valeur chaque espace avec \u00e9l\u00e9gance et authenticit\u00e9. Chacun de nos projets na\u00eet de l\u2019amour de la qualit\u00e9 et du d\u00e9sir de transformer la pierre en art.<\/p><\/div><\/div>\n        <\/section>\t\t\t\t<\/div>\n\t\t\t\t<\/div>\n\t\t\t\t<\/div>\n\t\t<div class=\"elementor-element elementor-element-dcc4a40 e-con-full e-flex e-con e-child\" data-id=\"dcc4a40\" data-element_type=\"container\">\n\t\t\t\t<\/div>\n\t\t\t\t\t<\/div>\n\t\t\t\t<\/div>\n\t\t\t\t<\/div>\n\t\t\t\t<\/div>\n\t\t<div class=\"aux-parallax-section elementor-element elementor-element-df902b5 e-flex e-con-boxed e-con e-parent\" data-id=\"df902b5\" data-element_type=\"container\" data-settings=\"{&quot;background_background&quot;:&quot;classic&quot;}\">\n\t\t\t\t\t<div class=\"e-con-inner\">\n\t\t<div class=\"elementor-element elementor-element-3ffa409 e-con-full e-flex e-con e-child\" data-id=\"3ffa409\" data-element_type=\"container\">\n\t\t\t\t<div class=\"elementor-element elementor-element-5a38645 elementor-widget elementor-widget-aux_modern_heading\" data-id=\"5a38645\" data-element_type=\"widget\" data-widget_type=\"aux_modern_heading.default\">\n\t\t\t\t<div class=\"elementor-widget-container\">\n\t\t\t\t\t<section class=\"aux-widget-modern-heading\">\n            <div class=\"aux-widget-inner\"><h1 class=\"aux-modern-heading-primary\">Tous nos si\u00e8ges <\/h1><div class=\"aux-modern-heading-divider\"><\/div><\/div>\n        <\/section>\t\t\t\t<\/div>\n\t\t\t\t<\/div>\n\t\t<div class=\"elementor-element elementor-element-b9e22dc e-con-full e-flex e-con e-child\" data-id=\"b9e22dc\" data-element_type=\"container\">\n\t\t<div class=\"elementor-element elementor-element-1e40540 e-con-full e-flex e-con e-child\" data-id=\"1e40540\" data-element_type=\"container\">\n\t\t\t\t<div class=\"elementor-element elementor-element-0ff30d0 elementor-widget elementor-widget-image\" data-id=\"0ff30d0\" data-element_type=\"widget\" data-widget_type=\"image.default\">\n\t\t\t\t<div class=\"elementor-widget-container\">\n\t\t\t\t\t\t\t\t\t\t\t\t\t\t\t<img decoding=\"async\" width=\"280\" height=\"180\" src=\"https:\/\/mondialgranit.com\/wp-content\/uploads\/2025\/11\/Screenshot-2025-11-11-alle-09.49.13-280x180.png\" class=\"attachment-post-thumbnail size-post-thumbnail wp-image-230\" alt=\"\" \/>\t\t\t\t\t\t\t\t\t\t\t\t\t\t\t<\/div>\n\t\t\t\t<\/div>\n\t\t\t\t<div class=\"elementor-element elementor-element-a44bbe3 elementor-widget elementor-widget-heading\" data-id=\"a44bbe3\" data-element_type=\"widget\" data-widget_type=\"heading.default\">\n\t\t\t\t<div class=\"elementor-widget-container\">\n\t\t\t\t\t<h2 class=\"elementor-heading-title elementor-size-default\">Chiaramonte Gulfi<\/h2>\t\t\t\t<\/div>\n\t\t\t\t<\/div>\n\t\t\t\t<div class=\"elementor-element elementor-element-7fd2a18 elementor-widget elementor-widget-html\" data-id=\"7fd2a18\" data-element_type=\"widget\" data-widget_type=\"html.default\">\n\t\t\t\t<div class=\"elementor-widget-container\">\n\t\t\t\t\t<iframe src=\"https:\/\/www.google.com\/maps\/embed?pb=!1m18!1m12!1m3!1d3185.646111554675!2d14.643466090476245!3d37.01823810046908!2m3!1f0!2f0!3f0!3m2!1i1024!2i768!4f13.1!3m3!1m2!1s0x1311a1c13c663367%3A0xddf5180433e1bb6b!2sMondial%20Granit%20(S.P.A.)!5e0!3m2!1sit!2sit!4v1762862446567!5m2!1sit!2sit\" width=\"600\" height=\"300\" style=\"border:0;\" allowfullscreen=\"\" loading=\"lazy\" referrerpolicy=\"no-referrer-when-downgrade\"><\/iframe>\t\t\t\t<\/div>\n\t\t\t\t<\/div>\n\t\t\t\t<\/div>\n\t\t<div class=\"elementor-element elementor-element-1ce5233 e-con-full e-flex e-con e-child\" data-id=\"1ce5233\" data-element_type=\"container\">\n\t\t\t\t<div class=\"elementor-element elementor-element-e3690a1 elementor-widget elementor-widget-image\" data-id=\"e3690a1\" data-element_type=\"widget\" data-widget_type=\"image.default\">\n\t\t\t\t<div class=\"elementor-widget-container\">\n\t\t\t\t\t\t\t\t\t\t\t\t\t\t\t<img decoding=\"async\" width=\"280\" height=\"180\" src=\"https:\/\/mondialgranit.com\/wp-content\/uploads\/2025\/11\/trapani-2-280x180.jpeg\" class=\"attachment-post-thumbnail size-post-thumbnail wp-image-229\" alt=\"\" \/>\t\t\t\t\t\t\t\t\t\t\t\t\t\t\t<\/div>\n\t\t\t\t<\/div>\n\t\t\t\t<div class=\"elementor-element elementor-element-674a8b1 elementor-widget elementor-widget-heading\" data-id=\"674a8b1\" data-element_type=\"widget\" data-widget_type=\"heading.default\">\n\t\t\t\t<div class=\"elementor-widget-container\">\n\t\t\t\t\t<h2 class=\"elementor-heading-title elementor-size-default\">Trapani<\/h2>\t\t\t\t<\/div>\n\t\t\t\t<\/div>\n\t\t\t\t<div class=\"elementor-element elementor-element-2aa2fa1 elementor-widget elementor-widget-html\" data-id=\"2aa2fa1\" data-element_type=\"widget\" data-widget_type=\"html.default\">\n\t\t\t\t<div class=\"elementor-widget-container\">\n\t\t\t\t\t<iframe src=\"https:\/\/www.google.com\/maps\/embed?pb=!1m18!1m12!1m3!1d3141.1135039120136!2d12.63847897673069!3d38.06773767191299!2m3!1f0!2f0!3f0!3m2!1i1024!2i768!4f13.1!3m3!1m2!1s0x13197b4e16531b6d%3A0x394ec223dca76dc9!2sMondial%20Granit%20S.P.A.!5e0!3m2!1sit!2sit!4v1762862356580!5m2!1sit!2sit\" width=\"600\" height=\"300\" style=\"border:0;\" allowfullscreen=\"\" loading=\"lazy\" referrerpolicy=\"no-referrer-when-downgrade\"><\/iframe>\t\t\t\t<\/div>\n\t\t\t\t<\/div>\n\t\t\t\t<\/div>\n\t\t<div class=\"elementor-element elementor-element-8ac38ce e-con-full e-flex e-con e-child\" data-id=\"8ac38ce\" data-element_type=\"container\">\n\t\t\t\t<div class=\"elementor-element elementor-element-99e4be8 elementor-widget elementor-widget-image\" data-id=\"99e4be8\" data-element_type=\"widget\" data-widget_type=\"image.default\">\n\t\t\t\t<div class=\"elementor-widget-container\">\n\t\t\t\t\t\t\t\t\t\t\t\t\t\t\t<img loading=\"lazy\" decoding=\"async\" width=\"280\" height=\"180\" src=\"https:\/\/mondialgranit.com\/wp-content\/uploads\/2025\/11\/verona--280x180.png\" class=\"attachment-post-thumbnail size-post-thumbnail wp-image-210\" alt=\"\" \/>\t\t\t\t\t\t\t\t\t\t\t\t\t\t\t<\/div>\n\t\t\t\t<\/div>\n\t\t\t\t<div class=\"elementor-element elementor-element-540713f elementor-widget elementor-widget-heading\" data-id=\"540713f\" data-element_type=\"widget\" data-widget_type=\"heading.default\">\n\t\t\t\t<div class=\"elementor-widget-container\">\n\t\t\t\t\t<h2 class=\"elementor-heading-title elementor-size-default\">Verona <\/h2>\t\t\t\t<\/div>\n\t\t\t\t<\/div>\n\t\t\t\t<div class=\"elementor-element elementor-element-a244deb elementor-widget elementor-widget-html\" data-id=\"a244deb\" data-element_type=\"widget\" data-widget_type=\"html.default\">\n\t\t\t\t<div class=\"elementor-widget-container\">\n\t\t\t\t\t<iframe src=\"https:\/\/www.google.com\/maps\/embed?pb=!1m18!1m12!1m3!1d2794.604692091963!2d10.79869277701951!3d45.53815997107526!2m3!1f0!2f0!3f0!3m2!1i1024!2i768!4f13.1!3m3!1m2!1s0x4781efe6890c0213%3A0xa17a97d76b0de794!2sMondial%20Granit%20S.P.A.!5e0!3m2!1sit!2sit!4v1762862919572!5m2!1sit!2sit\" width=\"600\" height=\"300\" style=\"border:0;\" allowfullscreen=\"\" loading=\"lazy\" referrerpolicy=\"no-referrer-when-downgrade\"><\/iframe>\t\t\t\t<\/div>\n\t\t\t\t<\/div>\n\t\t\t\t<\/div>\n\t\t<div class=\"elementor-element elementor-element-823f120 e-con-full e-flex e-con e-child\" data-id=\"823f120\" data-element_type=\"container\">\n\t\t\t\t<div class=\"elementor-element elementor-element-330687d elementor-widget elementor-widget-image\" data-id=\"330687d\" data-element_type=\"widget\" data-widget_type=\"image.default\">\n\t\t\t\t<div class=\"elementor-widget-container\">\n\t\t\t\t\t\t\t\t\t\t\t\t\t\t\t<img loading=\"lazy\" decoding=\"async\" width=\"280\" height=\"180\" src=\"https:\/\/mondialgranit.com\/wp-content\/uploads\/2025\/11\/carrara-sede-1-280x180.jpeg\" class=\"attachment-post-thumbnail size-post-thumbnail wp-image-235\" alt=\"\" \/>\t\t\t\t\t\t\t\t\t\t\t\t\t\t\t<\/div>\n\t\t\t\t<\/div>\n\t\t\t\t<div class=\"elementor-element elementor-element-bb12e3a elementor-widget elementor-widget-heading\" data-id=\"bb12e3a\" data-element_type=\"widget\" data-widget_type=\"heading.default\">\n\t\t\t\t<div class=\"elementor-widget-container\">\n\t\t\t\t\t<h2 class=\"elementor-heading-title elementor-size-default\">Massa Carrara<\/h2>\t\t\t\t<\/div>\n\t\t\t\t<\/div>\n\t\t\t\t<div class=\"elementor-element elementor-element-927bf17 elementor-widget elementor-widget-html\" data-id=\"927bf17\" data-element_type=\"widget\" data-widget_type=\"html.default\">\n\t\t\t\t<div class=\"elementor-widget-container\">\n\t\t\t\t\t<iframe src=\"https:\/\/www.google.com\/maps\/embed?pb=!1m18!1m12!1m3!1d2868.2842002206303!2d10.076839976958157!3d44.03618437108671!2m3!1f0!2f0!3f0!3m2!1i1024!2i768!4f13.1!3m3!1m2!1s0x12d505f8f5051695%3A0x2f7cc2044e3c41f6!2sMondial%20Granit%20Spa%20Massa!5e0!3m2!1sit!2sit!4v1762862499482!5m2!1sit!2sit\" width=\"600\" height=\"300\" style=\"border:0;\" allowfullscreen=\"\" loading=\"lazy\" referrerpolicy=\"no-referrer-when-downgrade\"><\/iframe>\t\t\t\t<\/div>\n\t\t\t\t<\/div>\n\t\t\t\t<\/div>\n\t\t\t\t<\/div>\n\t\t\t\t<\/div>\n\t\t\t\t\t<\/div>\n\t\t\t\t<\/div>\n\t\t<div class=\"aux-parallax-section elementor-element elementor-element-f0ae6eb e-con-full e-flex e-con e-parent\" data-id=\"f0ae6eb\" data-element_type=\"container\">\n\t\t<div class=\"elementor-element elementor-element-a8bbab5 e-con-full e-flex e-con e-child\" data-id=\"a8bbab5\" data-element_type=\"container\">\n\t\t\t\t<\/div>\n\t\t\t\t<\/div>\n\t\t<div class=\"aux-parallax-section elementor-element elementor-element-fa52a43 e-flex e-con-boxed e-con e-parent\" data-id=\"fa52a43\" data-element_type=\"container\">\n\t\t\t\t\t<div class=\"e-con-inner\">\n\t\t<div class=\"elementor-element elementor-element-3995b65 e-con-full e-flex e-con e-child\" data-id=\"3995b65\" data-element_type=\"container\">\n\t\t\t\t<div class=\"elementor-element elementor-element-a98aa76 elementor-widget elementor-widget-image\" data-id=\"a98aa76\" data-element_type=\"widget\" data-widget_type=\"image.default\">\n\t\t\t\t<div class=\"elementor-widget-container\">\n\t\t\t\t\t\t\t\t\t\t\t\t\t\t\t<img loading=\"lazy\" decoding=\"async\" width=\"828\" height=\"455\" src=\"https:\/\/mondialgranit.com\/wp-content\/uploads\/2025\/11\/IMG_8277.jpg\" class=\"attachment-large size-large wp-image-706\" alt=\"\" srcset=\"https:\/\/mondialgranit.com\/wp-content\/uploads\/2025\/11\/IMG_8277.jpg 828w, https:\/\/mondialgranit.com\/wp-content\/uploads\/2025\/11\/IMG_8277-200x110.jpg 200w\" sizes=\"(max-width: 828px) 100vw, 828px\" \/>\t\t\t\t\t\t\t\t\t\t\t\t\t\t\t<\/div>\n\t\t\t\t<\/div>\n\t\t\t\t<\/div>\n\t\t<div class=\"elementor-element elementor-element-3c3a009 e-con-full e-flex e-con e-child\" data-id=\"3c3a009\" data-element_type=\"container\">\n\t\t\t\t<div class=\"elementor-element elementor-element-528599d aux-appear-watch-animation aux-fade-in-up-1 elementor-widget elementor-widget-aux_modern_heading\" data-id=\"528599d\" data-element_type=\"widget\" data-widget_type=\"aux_modern_heading.default\">\n\t\t\t\t<div class=\"elementor-widget-container\">\n\t\t\t\t\t<section class=\"aux-widget-modern-heading\">\n            <div class=\"aux-widget-inner\"><h1 class=\"aux-modern-heading-primary\"><\/h1><h3 class=\"aux-modern-heading-secondary\"><span class=\"aux-head-before\">\u00c9l\u00e9gance <\/span><span class=\"aux-head-highlight\">Globale<\/span><\/h3><div class=\"aux-modern-heading-divider\"><\/div><div class=\"aux-modern-heading-description\"><p>Nos marbres valorisent les espaces dans le monde entier, en apportant avec eux \u00e9l\u00e9gance, qualit\u00e9 et harmonie. Nous collaborons avec des architectes, des designers et des entreprises pour cr\u00e9er des projets uniques, o\u00f9 la beaut\u00e9 naturelle de la pierre rencontre la vision cr\u00e9ative de l\u2019architecture contemporaine.<\/p><\/div><\/div>\n        <\/section>\t\t\t\t<\/div>\n\t\t\t\t<\/div>\n\t\t\t\t<\/div>\n\t\t\t\t\t<\/div>\n\t\t\t\t<\/div>\n\t\t<div class=\"aux-parallax-section elementor-element elementor-element-752ad2e e-flex e-con-boxed e-con e-parent\" data-id=\"752ad2e\" data-element_type=\"container\">\n\t\t\t\t\t<div class=\"e-con-inner\">\n\t\t<div class=\"elementor-element elementor-element-94f8828 e-con-full e-flex e-con e-child\" data-id=\"94f8828\" data-element_type=\"container\">\n\t\t\t\t<div class=\"elementor-element elementor-element-848e092 aux-appear-watch-animation aux-fade-in-up-1 elementor-widget elementor-widget-aux_modern_heading\" data-id=\"848e092\" data-element_type=\"widget\" data-widget_type=\"aux_modern_heading.default\">\n\t\t\t\t<div class=\"elementor-widget-container\">\n\t\t\t\t\t<section class=\"aux-widget-modern-heading\">\n            <div class=\"aux-widget-inner\"><h1 class=\"aux-modern-heading-primary\"><\/h1><h3 class=\"aux-modern-heading-secondary\"><span class=\"aux-head-before\">Grandir <\/span><span class=\"aux-head-highlight\">Ensemble<\/span><\/h3><div class=\"aux-modern-heading-divider\"><\/div><div class=\"aux-modern-heading-description\"><p>Chez Mondial Granit, nous croyons que la force d\u2019une entreprise repose avant tout sur les personnes qui contribuent chaque jour \u00e0 sa croissance.\nC\u2019est pourquoi nous favorisons un environnement de travail fond\u00e9 sur le respect, l\u2019\u00e9coute active et la collaboration.<\/p><p>Nous favorisons des relations transparentes et constructives, en valorisant les comp\u00e9tences de chaque collaborateur et en soutenant son d\u00e9veloppement professionnel. Garantir des conditions de travail s\u00fbres, positives et inclusives est notre priorit\u00e9 absolue, car ce n\u2019est qu\u2019\u00e0 travers le bien-\u00eatre de nos \u00e9quipes que nous pouvons assurer qualit\u00e9, fiabilit\u00e9 et passion dans tout ce que nous faisons.<\/p><\/div><\/div>\n        <\/section>\t\t\t\t<\/div>\n\t\t\t\t<\/div>\n\t\t\t\t<\/div>\n\t\t<div class=\"elementor-element elementor-element-3dad5f2 e-con-full e-flex e-con e-child\" data-id=\"3dad5f2\" data-element_type=\"container\">\n\t\t\t\t<div class=\"elementor-element elementor-element-0b5b141 elementor-widget elementor-widget-video\" data-id=\"0b5b141\" data-element_type=\"widget\" data-settings=\"{&quot;video_type&quot;:&quot;hosted&quot;,&quot;autoplay&quot;:&quot;yes&quot;,&quot;play_on_mobile&quot;:&quot;yes&quot;,&quot;controls&quot;:&quot;yes&quot;}\" data-widget_type=\"video.default\">\n\t\t\t\t<div class=\"elementor-widget-container\">\n\t\t\t\t\t\t\t<div class=\"e-hosted-video elementor-wrapper elementor-open-inline\">\n\t\t\t\t\t<video class=\"elementor-video\" src=\"https:\/\/mondialgranit.com\/wp-content\/uploads\/2025\/11\/01c0f864-ea0f-43ea-b6b0-fe84dde758b7-1.mov\" autoplay=\"\" controls=\"\" playsinline=\"\" controlslist=\"nodownload\"><\/video>\n\t\t\t\t<\/div>\n\t\t\t\t\t\t<\/div>\n\t\t\t\t<\/div>\n\t\t\t\t<\/div>\n\t\t\t\t\t<\/div>\n\t\t\t\t<\/div>\n\t\t\t\t<\/div>","protected":false},"excerpt":{"rendered":"<p>About Us Who we are For generations, we have worked marble with dedication and expertise, combining artisanal tradition with modern technology. We carefully select the finest materials to offer unique solutions that enhance every space with elegance and authenticity. Each of our projects is born from a love of quality and the desire to transform [&hellip;]<\/p>","protected":false},"author":1,"featured_media":0,"parent":0,"menu_order":0,"comment_status":"closed","ping_status":"closed","template":"","meta":{"footnotes":""},"class_list":["post-68","page","type-page","status-publish","hentry"],"_links":{"self":[{"href":"https:\/\/mondialgranit.com\/fr\/wp-json\/wp\/v2\/pages\/68","targetHints":{"allow":["GET"]}}],"collection":[{"href":"https:\/\/mondialgranit.com\/fr\/wp-json\/wp\/v2\/pages"}],"about":[{"href":"https:\/\/mondialgranit.com\/fr\/wp-json\/wp\/v2\/types\/page"}],"author":[{"embeddable":true,"href":"https:\/\/mondialgranit.com\/fr\/wp-json\/wp\/v2\/users\/1"}],"replies":[{"embeddable":true,"href":"https:\/\/mondialgranit.com\/fr\/wp-json\/wp\/v2\/comments?post=68"}],"version-history":[{"count":153,"href":"https:\/\/mondialgranit.com\/fr\/wp-json\/wp\/v2\/pages\/68\/revisions"}],"predecessor-version":[{"id":871,"href":"https:\/\/mondialgranit.com\/fr\/wp-json\/wp\/v2\/pages\/68\/revisions\/871"}],"wp:attachment":[{"href":"https:\/\/mondialgranit.com\/fr\/wp-json\/wp\/v2\/media?parent=68"}],"curies":[{"name":"wp","href":"https:\/\/api.w.org\/{rel}","templated":true}]}}