{"id":66,"date":"2020-10-05T12:38:09","date_gmt":"2020-10-05T12:38:09","guid":{"rendered":"https:\/\/mondialgranit.com\/index.php\/services\/"},"modified":"2026-01-27T10:19:33","modified_gmt":"2026-01-27T10:19:33","slug":"services","status":"publish","type":"page","link":"https:\/\/mondialgranit.com\/fr\/services\/","title":{"rendered":"Services"},"content":{"rendered":"<div data-elementor-type=\"wp-page\" data-elementor-id=\"66\" class=\"elementor elementor-66\">\n\t\t\t\t<div class=\"aux-parallax-section elementor-element elementor-element-6089a89 e-flex e-con-boxed e-con e-parent\" data-id=\"6089a89\" data-element_type=\"container\" data-settings=\"{&quot;background_background&quot;:&quot;classic&quot;}\">\n\t\t\t\t\t<div class=\"e-con-inner\">\n\t\t<div class=\"elementor-element elementor-element-8380f2d e-con-full e-flex e-con e-child\" data-id=\"8380f2d\" data-element_type=\"container\">\n\t\t\t\t<div class=\"elementor-element elementor-element-fab8da3 aux-appear-watch-animation aux-scale-down-1 elementor-widget elementor-widget-aux_modern_heading\" data-id=\"fab8da3\" data-element_type=\"widget\" data-widget_type=\"aux_modern_heading.default\">\n\t\t\t\t<div class=\"elementor-widget-container\">\n\t\t\t\t\t<section class=\"aux-widget-modern-heading\">\n            <div class=\"aux-widget-inner\"><h5 class=\"aux-modern-heading-primary\">Nos services<\/h5><h3 class=\"aux-modern-heading-secondary\"><span class=\"aux-head-before\">Du mat\u00e9riau<\/span><span class=\"aux-head-highlight\">au projet<\/span><\/h3><div class=\"aux-modern-heading-divider\"><\/div><\/div>\n        <\/section>\t\t\t\t<\/div>\n\t\t\t\t<\/div>\n\t\t\t\t<\/div>\n\t\t\t\t\t<\/div>\n\t\t\t\t<\/div>\n\t\t<div class=\"aux-parallax-section elementor-element elementor-element-56cf265 e-con-full e-flex e-con e-parent\" data-id=\"56cf265\" data-element_type=\"container\">\n\t\t<div class=\"elementor-element elementor-element-f510278 e-con-full e-flex e-con e-child\" data-id=\"f510278\" data-element_type=\"container\">\n\t\t\t\t<div class=\"elementor-element elementor-element-39a9708 aux-appear-watch-animation aux-scale-down-1 elementor-widget elementor-widget-aux_text\" data-id=\"39a9708\" data-element_type=\"widget\" data-widget_type=\"aux_text.default\">\n\t\t\t\t<div class=\"elementor-widget-container\">\n\t\t\t\t\t<section class=\"widget-container aux-widget-text aux-parent-au48a1c4bf\">        <div class=\"aux-widget-advanced-text aux-wrap-style-simple aux-ico-pos- aux-text-left aux-text-resp- aux-text-color-dark aux-text-widget-bg-center\" >\n        \n            \n            <div class=\"aux-text-inner aux-text-widget-content\">\n                                <h4 class=\"col-title\">Extraction<\/h4>\n                                <div class=\"widget-content\">\n                                        <p>Nous s\u00e9lectionnons et extrayons avec soin les blocs de marbre les plus pr\u00e9cieux directement de la carri\u00e8re, en garantissant qualit\u00e9, s\u00e9curit\u00e9 et respect de l\u2019environnement.<\/p>                <\/div>\n                            <\/div>\n        <\/div>\n                    <div class=\"aux-text-widget-footer\">\n                <div class=\"aux-border-shape-none\">\n                                <\/div>\n            <\/div>\n        \n<\/section><!-- widget-container -->\t\t\t\t<\/div>\n\t\t\t\t<\/div>\n\t\t\t\t<\/div>\n\t\t<div class=\"elementor-element elementor-element-45e02f2 e-con-full e-flex e-con e-child\" data-id=\"45e02f2\" data-element_type=\"container\">\n\t\t\t\t<div class=\"elementor-element elementor-element-0449e55 aux-appear-watch-animation aux-fade-in-right-1 elementor-widget__width-initial elementor-widget-mobile__width-initial elementor-widget elementor-widget-aux_text\" data-id=\"0449e55\" data-element_type=\"widget\" data-widget_type=\"aux_text.default\">\n\t\t\t\t<div class=\"elementor-widget-container\">\n\t\t\t\t\t<section class=\"widget-container aux-widget-text aux-parent-au6b36943d\">        <div class=\"aux-widget-advanced-text aux-wrap-style-simple aux-ico-pos- aux-text-left aux-text-resp- aux-text-color-dark aux-text-widget-bg-center\" >\n        \n            \n            <div class=\"aux-text-inner aux-text-widget-content\">\n                                <h4 class=\"col-title\">Production<\/h4>\n                                <div class=\"widget-content\">\n                                        <p>\u00a0<\/p><p>\u00a0<\/p><p>Nous transformons les blocs de marbre en dalles et en produits finis avec pr\u00e9cision, savoir-faire artisanal et technologies de pointe.<span class=\"Apple-converted-space\">\u00a0<\/span><\/p>                <\/div>\n                            <\/div>\n        <\/div>\n                    <div class=\"aux-text-widget-footer\">\n                <div class=\"aux-border-shape-none\">\n                                <\/div>\n            <\/div>\n        \n<\/section><!-- widget-container -->\t\t\t\t<\/div>\n\t\t\t\t<\/div>\n\t\t\t\t<\/div>\n\t\t<div class=\"elementor-element elementor-element-59d5c2a e-con-full e-flex e-con e-child\" data-id=\"59d5c2a\" data-element_type=\"container\">\n\t\t\t\t<div class=\"elementor-element elementor-element-4bb68fb aux-appear-watch-animation aux-fade-in-right-1 elementor-widget__width-initial elementor-widget-mobile__width-initial elementor-widget-tablet__width-initial elementor-widget elementor-widget-aux_text\" data-id=\"4bb68fb\" data-element_type=\"widget\" data-widget_type=\"aux_text.default\">\n\t\t\t\t<div class=\"elementor-widget-container\">\n\t\t\t\t\t<section class=\"widget-container aux-widget-text aux-parent-au4d69ae92\">        <div class=\"aux-widget-advanced-text aux-wrap-style-simple aux-ico-pos- aux-text-left aux-text-resp- aux-text-color-dark aux-text-widget-bg-center\" >\n        \n            \n            <div class=\"aux-text-inner aux-text-widget-content\">\n                                <h4 class=\"col-title\">Personnalisation<\/h4>\n                                <div class=\"widget-content\">\n                                        <p>\u00a0<\/p><p>\u00a0<\/p><p>Nous r\u00e9alisons des projets sur mesure, en adaptant le marbre aux exigences de design et de style de nos clients, en suivant avec soin chaque \u00e9tape afin de garantir un r\u00e9sultat unique et \u00e9l\u00e9gant.\u00a0<\/p>                <\/div>\n                            <\/div>\n        <\/div>\n                    <div class=\"aux-text-widget-footer\">\n                <div class=\"aux-border-shape-none\">\n                                <\/div>\n            <\/div>\n        \n<\/section><!-- widget-container -->\t\t\t\t<\/div>\n\t\t\t\t<\/div>\n\t\t\t\t<\/div>\n\t\t\t\t<\/div>\n\t\t<div class=\"aux-parallax-section elementor-element elementor-element-e148484 e-flex e-con-boxed e-con e-parent\" data-id=\"e148484\" data-element_type=\"container\" data-settings=\"{&quot;background_background&quot;:&quot;classic&quot;}\">\n\t\t\t\t\t<div class=\"e-con-inner\">\n\t\t<div class=\"elementor-element elementor-element-8fc4811 e-con-full e-flex e-con e-child\" data-id=\"8fc4811\" data-element_type=\"container\">\n\t\t\t\t<div class=\"elementor-element elementor-element-d4cb3db aux-appear-watch-animation aux-fade-in-up-1 elementor-widget elementor-widget-aux_modern_heading\" data-id=\"d4cb3db\" data-element_type=\"widget\" data-widget_type=\"aux_modern_heading.default\">\n\t\t\t\t<div class=\"elementor-widget-container\">\n\t\t\t\t\t<section class=\"aux-widget-modern-heading\">\n            <div class=\"aux-widget-inner\"><h2 class=\"aux-modern-heading-primary\">Notre travail dans le monde<\/h2><div class=\"aux-modern-heading-divider\"><\/div><\/div>\n        <\/section>\t\t\t\t<\/div>\n\t\t\t\t<\/div>\n\t\t<div class=\"elementor-element elementor-element-6d99199 e-con-full e-flex e-con e-child\" data-id=\"6d99199\" data-element_type=\"container\">\n\t\t<div class=\"elementor-element elementor-element-f1663e2 e-grid e-con-full e-con e-child\" data-id=\"f1663e2\" data-element_type=\"container\">\n\t\t<div class=\"elementor-element elementor-element-da54f8f e-con-full e-flex e-con e-child\" data-id=\"da54f8f\" data-element_type=\"container\">\n\t\t\t\t<div class=\"elementor-element elementor-element-b83b282 elementor-widget elementor-widget-video\" data-id=\"b83b282\" data-element_type=\"widget\" data-settings=\"{&quot;video_type&quot;:&quot;hosted&quot;,&quot;autoplay&quot;:&quot;yes&quot;,&quot;play_on_mobile&quot;:&quot;yes&quot;,&quot;mute&quot;:&quot;yes&quot;,&quot;loop&quot;:&quot;yes&quot;}\" data-widget_type=\"video.default\">\n\t\t\t\t<div class=\"elementor-widget-container\">\n\t\t\t\t\t\t\t<div class=\"e-hosted-video elementor-wrapper elementor-open-inline\">\n\t\t\t\t\t<video class=\"elementor-video\" src=\"https:\/\/mondialgranit.com\/wp-content\/uploads\/2025\/11\/4-1.mov\" autoplay=\"\" loop=\"\" muted=\"muted\" playsinline=\"\" controlslist=\"nodownload\"><\/video>\n\t\t\t\t<\/div>\n\t\t\t\t\t\t<\/div>\n\t\t\t\t<\/div>\n\t\t\t\t<div class=\"elementor-element elementor-element-890bde7 aux-appear-watch-animation aux-fade-in-up-1 elementor-widget elementor-widget-heading\" data-id=\"890bde7\" data-element_type=\"widget\" data-widget_type=\"heading.default\">\n\t\t\t\t<div class=\"elementor-widget-container\">\n\t\t\t\t\t<h2 class=\"elementor-heading-title elementor-size-default\">Production<\/h2>\t\t\t\t<\/div>\n\t\t\t\t<\/div>\n\t\t\t\t<div class=\"elementor-element elementor-element-877cc37 elementor-widget__width-initial aux-appear-watch-animation aux-fade-in-up-1 elementor-widget elementor-widget-text-editor\" data-id=\"877cc37\" data-element_type=\"widget\" data-widget_type=\"text-editor.default\">\n\t\t\t\t<div class=\"elementor-widget-container\">\n\t\t\t\t\t\t\t\t\t<p style=\"text-align: center;\">Chaque \u00e9tape du processus, de l\u2019extraction \u00e0 la finition, est r\u00e9alis\u00e9e avec le plus grand soin afin de garantir les plus hauts standards de qualit\u00e9 et de pr\u00e9cision. Dans nos ateliers, le marbre prend forme \u00e0 travers des d\u00e9coupes pr\u00e9cises, des polissages impeccables et des travaux personnalis\u00e9s con\u00e7us pour valoriser la beaut\u00e9 naturelle de la pierre.<\/p>\t\t\t\t\t\t\t\t<\/div>\n\t\t\t\t<\/div>\n\t\t\t\t<\/div>\n\t\t<div class=\"elementor-element elementor-element-e82f9e3 e-con-full e-flex e-con e-child\" data-id=\"e82f9e3\" data-element_type=\"container\">\n\t\t\t\t<div class=\"elementor-element elementor-element-9424e45 elementor-widget elementor-widget-video\" data-id=\"9424e45\" data-element_type=\"widget\" data-settings=\"{&quot;video_type&quot;:&quot;hosted&quot;,&quot;autoplay&quot;:&quot;yes&quot;,&quot;play_on_mobile&quot;:&quot;yes&quot;,&quot;mute&quot;:&quot;yes&quot;,&quot;loop&quot;:&quot;yes&quot;}\" data-widget_type=\"video.default\">\n\t\t\t\t<div class=\"elementor-widget-container\">\n\t\t\t\t\t\t\t<div class=\"e-hosted-video elementor-wrapper elementor-open-inline\">\n\t\t\t\t\t<video class=\"elementor-video\" src=\"https:\/\/mondialgranit.com\/wp-content\/uploads\/2025\/11\/01c0f864-ea0f-43ea-b6b0-fe84dde758b7.mov\" autoplay=\"\" loop=\"\" muted=\"muted\" playsinline=\"\" controlslist=\"nodownload\"><\/video>\n\t\t\t\t<\/div>\n\t\t\t\t\t\t<\/div>\n\t\t\t\t<\/div>\n\t\t\t\t<div class=\"elementor-element elementor-element-f21195f aux-appear-watch-animation aux-fade-in-up-1 elementor-widget elementor-widget-heading\" data-id=\"f21195f\" data-element_type=\"widget\" data-widget_type=\"heading.default\">\n\t\t\t\t<div class=\"elementor-widget-container\">\n\t\t\t\t\t<h2 class=\"elementor-heading-title elementor-size-default\">Carri\u00e8res <\/h2>\t\t\t\t<\/div>\n\t\t\t\t<\/div>\n\t\t\t\t<div class=\"elementor-element elementor-element-0d57a94 elementor-widget__width-initial aux-appear-watch-animation aux-fade-in-up-1 elementor-widget elementor-widget-text-editor\" data-id=\"0d57a94\" data-element_type=\"widget\" data-widget_type=\"text-editor.default\">\n\t\t\t\t<div class=\"elementor-widget-container\">\n\t\t\t\t\t\t\t\t\t<p style=\"text-align: center;\">Nos carri\u00e8res sont \u00e0 l\u2019origine de chaque projet, l\u00e0 o\u00f9 la beaut\u00e9 du marbre prend forme.\nIci, la nature rencontre l\u2019expertise humaine, dans un \u00e9quilibre entre tradition et innovation.\nChaque bloc est extrait et s\u00e9lectionn\u00e9 avec soin afin d\u2019en pr\u00e9server l\u2019unicit\u00e9, la puret\u00e9 et les veines naturelles, garantissant une mati\u00e8re premi\u00e8re d\u2019une qualit\u00e9 exceptionnelle.<\/p>\t\t\t\t\t\t\t\t<\/div>\n\t\t\t\t<\/div>\n\t\t\t\t<\/div>\n\t\t\t\t<\/div>\n\t\t\t\t<\/div>\n\t\t\t\t<\/div>\n\t\t\t\t\t<\/div>\n\t\t\t\t<\/div>\n\t\t<div class=\"aux-parallax-section elementor-element elementor-element-8bb0bb3 e-flex e-con-boxed e-con e-parent\" data-id=\"8bb0bb3\" data-element_type=\"container\">\n\t\t\t\t\t<div class=\"e-con-inner\">\n\t\t<div class=\"elementor-element elementor-element-48f8572 e-con-full e-flex e-con e-child\" data-id=\"48f8572\" data-element_type=\"container\">\n\t\t<div class=\"elementor-element elementor-element-3b53285 e-con-full e-flex e-con e-child\" data-id=\"3b53285\" data-element_type=\"container\">\n\t\t<div class=\"elementor-element elementor-element-cae9db5 e-con-full e-flex e-con e-child\" data-id=\"cae9db5\" data-element_type=\"container\">\n\t\t\t\t<div class=\"elementor-element elementor-element-1371bfc aux-appear-watch-animation aux-fade-in-up-1 elementor-widget elementor-widget-aux_modern_heading\" data-id=\"1371bfc\" data-element_type=\"widget\" data-widget_type=\"aux_modern_heading.default\">\n\t\t\t\t<div class=\"elementor-widget-container\">\n\t\t\t\t\t<section class=\"aux-widget-modern-heading\">\n            <div class=\"aux-widget-inner\"><h5 class=\"aux-modern-heading-primary\"><\/h5><div class=\"aux-modern-heading-secondary\"><span class=\"aux-head-highlight\">Pourquoi nous choisir et <\/span><span class=\"aux-head-after\">Nous faire confiance <\/span><\/div><div class=\"aux-modern-heading-divider\"><\/div><div class=\"aux-modern-heading-description\"><p data-start=\"49\" data-end=\"363\">Choisir notre entreprise, c\u2019est faire confiance \u00e0 des professionnels exp\u00e9riment\u00e9s, anim\u00e9s par une v\u00e9ritable passion pour la qualit\u00e9 et par une attention m\u00e9ticuleuse \u00e0 chaque d\u00e9tail. De l\u2019extraction dans nos carri\u00e8res au travail artisanal dans nos ateliers, jusqu\u2019\u00e0 la r\u00e9alisation de projets sur mesure, nous suivons chaque \u00e9tape avec rigueur et d\u00e9vouement.<\/p><p data-start=\"365\" data-end=\"710\" data-is-last-node=\"\" data-is-only-node=\"\">Nous garantissons des mat\u00e9riaux d\u2019excellence, soigneusement s\u00e9lectionn\u00e9s afin d\u2019en pr\u00e9server la beaut\u00e9 naturelle, ainsi que des solutions innovantes qui allient fonctionnalit\u00e9 et esth\u00e9tique. Chaque cr\u00e9ation est le fruit de la comp\u00e9tence, de la pr\u00e9cision et de la vision, con\u00e7ue pour transformer les espaces en environnements \u00e9l\u00e9gants, harmonieux et intemporels, capables de laisser une impression durable.<\/p><\/div><\/div>\n        <\/section>\t\t\t\t<\/div>\n\t\t\t\t<\/div>\n\t\t\t\t<\/div>\n\t\t<div class=\"elementor-element elementor-element-1079099 e-con-full e-flex e-con e-child\" data-id=\"1079099\" data-element_type=\"container\">\n\t\t\t\t<div class=\"elementor-element elementor-element-4038455 elementor-widget elementor-widget-video\" data-id=\"4038455\" data-element_type=\"widget\" data-settings=\"{&quot;video_type&quot;:&quot;hosted&quot;,&quot;autoplay&quot;:&quot;yes&quot;,&quot;play_on_mobile&quot;:&quot;yes&quot;,&quot;mute&quot;:&quot;yes&quot;,&quot;loop&quot;:&quot;yes&quot;}\" data-widget_type=\"video.default\">\n\t\t\t\t<div class=\"elementor-widget-container\">\n\t\t\t\t\t\t\t<div class=\"e-hosted-video elementor-wrapper elementor-open-inline\">\n\t\t\t\t\t<video class=\"elementor-video\" src=\"https:\/\/mondialgranit.com\/wp-content\/uploads\/2025\/11\/1-2.mov\" autoplay=\"\" loop=\"\" muted=\"muted\" playsinline=\"\" controlslist=\"nodownload\"><\/video>\n\t\t\t\t<\/div>\n\t\t\t\t\t\t<\/div>\n\t\t\t\t<\/div>\n\t\t\t\t<\/div>\n\t\t\t\t<\/div>\n\t\t\t\t<\/div>\n\t\t\t\t\t<\/div>\n\t\t\t\t<\/div>\n\t\t<div class=\"aux-parallax-section elementor-element elementor-element-191a34b e-flex e-con-boxed e-con e-parent\" data-id=\"191a34b\" data-element_type=\"container\">\n\t\t\t\t\t<div class=\"e-con-inner\">\n\t\t<div class=\"elementor-element elementor-element-511fabb e-con-full e-flex e-con e-child\" data-id=\"511fabb\" data-element_type=\"container\">\n\t\t<div class=\"elementor-element elementor-element-e9a7734 e-con-full e-flex e-con e-child\" data-id=\"e9a7734\" data-element_type=\"container\">\n\t\t<div class=\"elementor-element elementor-element-e4b39eb aux-appear-watch-animation aux-fade-in-up-1 e-con-full e-flex e-con e-child\" data-id=\"e4b39eb\" data-element_type=\"container\">\n\t\t\t\t<div class=\"elementor-element elementor-element-7cde58e elementor-widget__width-auto aux-appear-watch-animation aux-fade-in-up-1 elementor-widget elementor-widget-aux_modern_heading\" data-id=\"7cde58e\" data-element_type=\"widget\" data-widget_type=\"aux_modern_heading.default\">\n\t\t\t\t<div class=\"elementor-widget-container\">\n\t\t\t\t\t<section class=\"aux-widget-modern-heading\">\n            <div class=\"aux-widget-inner\"><h2 class=\"aux-modern-heading-primary\">01<\/h2><\/div>\n        <\/section>\t\t\t\t<\/div>\n\t\t\t\t<\/div>\n\t\t\t\t<div class=\"elementor-element elementor-element-a378b47 elementor-widget__width-auto elementor-widget-mobile__width-initial aux-appear-watch-animation aux-fade-in-up-1 elementor-widget elementor-widget-aux_modern_heading\" data-id=\"a378b47\" data-element_type=\"widget\" data-widget_type=\"aux_modern_heading.default\">\n\t\t\t\t<div class=\"elementor-widget-container\">\n\t\t\t\t\t<section class=\"aux-widget-modern-heading\">\n            <div class=\"aux-widget-inner\"><h2 class=\"aux-modern-heading-primary\">34 ans d\u2019exp\u00e9rience<\/h2><div class=\"aux-modern-heading-description\"><p>Comp\u00e9tence, pr\u00e9cision et fiabilit\u00e9.<\/p><\/div><\/div>\n        <\/section>\t\t\t\t<\/div>\n\t\t\t\t<\/div>\n\t\t\t\t<\/div>\n\t\t\t\t<\/div>\n\t\t<div class=\"elementor-element elementor-element-3c2643c e-con-full e-flex e-con e-child\" data-id=\"3c2643c\" data-element_type=\"container\">\n\t\t\t\t<div class=\"elementor-element elementor-element-1e2ca02 elementor-widget__width-auto aux-appear-watch-animation aux-fade-in-up-1 elementor-widget elementor-widget-aux_modern_heading\" data-id=\"1e2ca02\" data-element_type=\"widget\" data-widget_type=\"aux_modern_heading.default\">\n\t\t\t\t<div class=\"elementor-widget-container\">\n\t\t\t\t\t<section class=\"aux-widget-modern-heading\">\n            <div class=\"aux-widget-inner\"><h2 class=\"aux-modern-heading-primary\">02<\/h2><\/div>\n        <\/section>\t\t\t\t<\/div>\n\t\t\t\t<\/div>\n\t\t\t\t<div class=\"elementor-element elementor-element-b89ace8 elementor-widget__width-auto elementor-widget-mobile__width-initial aux-appear-watch-animation aux-fade-in-up-1 elementor-widget elementor-widget-aux_modern_heading\" data-id=\"b89ace8\" data-element_type=\"widget\" data-widget_type=\"aux_modern_heading.default\">\n\t\t\t\t<div class=\"elementor-widget-container\">\n\t\t\t\t\t<section class=\"aux-widget-modern-heading\">\n            <div class=\"aux-widget-inner\"><h2 class=\"aux-modern-heading-primary\">Professionnels <\/h2><div class=\"aux-modern-heading-description\"><p>De la consultation \u00e0 la r\u00e9alisation.\u00a0<\/p><\/div><\/div>\n        <\/section>\t\t\t\t<\/div>\n\t\t\t\t<\/div>\n\t\t\t\t<\/div>\n\t\t<div class=\"elementor-element elementor-element-092dcb3 e-con-full e-flex e-con e-child\" data-id=\"092dcb3\" data-element_type=\"container\">\n\t\t\t\t<div class=\"elementor-element elementor-element-9335fd1 elementor-widget__width-auto aux-appear-watch-animation aux-fade-in-up-1 elementor-widget elementor-widget-aux_modern_heading\" data-id=\"9335fd1\" data-element_type=\"widget\" data-widget_type=\"aux_modern_heading.default\">\n\t\t\t\t<div class=\"elementor-widget-container\">\n\t\t\t\t\t<section class=\"aux-widget-modern-heading\">\n            <div class=\"aux-widget-inner\"><h2 class=\"aux-modern-heading-primary\">03<\/h2><\/div>\n        <\/section>\t\t\t\t<\/div>\n\t\t\t\t<\/div>\n\t\t\t\t<div class=\"elementor-element elementor-element-de75337 elementor-widget__width-auto elementor-widget-mobile__width-initial aux-appear-watch-animation aux-fade-in-up-1 elementor-widget elementor-widget-aux_modern_heading\" data-id=\"de75337\" data-element_type=\"widget\" data-widget_type=\"aux_modern_heading.default\">\n\t\t\t\t<div class=\"elementor-widget-container\">\n\t\t\t\t\t<section class=\"aux-widget-modern-heading\">\n            <div class=\"aux-widget-inner\"><h2 class=\"aux-modern-heading-primary\">Nous concevons des solutions <\/h2><div class=\"aux-modern-heading-description\"><p>De la vision \u00e0 la r\u00e9alit\u00e9, avec pr\u00e9cision et qualit\u00e9.<span class=\"Apple-converted-space\">\u00a0<\/span><\/p><\/div><\/div>\n        <\/section>\t\t\t\t<\/div>\n\t\t\t\t<\/div>\n\t\t\t\t<\/div>\n\t\t\t\t<\/div>\n\t\t\t\t<div class=\"elementor-element elementor-element-c1f1723 elementor-widget__width-initial elementor-widget-mobile__width-initial elementor-widget elementor-widget-video\" data-id=\"c1f1723\" data-element_type=\"widget\" data-settings=\"{&quot;video_type&quot;:&quot;hosted&quot;,&quot;autoplay&quot;:&quot;yes&quot;,&quot;play_on_mobile&quot;:&quot;yes&quot;,&quot;mute&quot;:&quot;yes&quot;,&quot;loop&quot;:&quot;yes&quot;}\" data-widget_type=\"video.default\">\n\t\t\t\t<div class=\"elementor-widget-container\">\n\t\t\t\t\t\t\t<div class=\"e-hosted-video elementor-wrapper elementor-open-inline\">\n\t\t\t\t\t<video class=\"elementor-video\" src=\"https:\/\/mondialgranit.com\/wp-content\/uploads\/2025\/11\/4-2.mov\" autoplay=\"\" loop=\"\" muted=\"muted\" playsinline=\"\" controlslist=\"nodownload\"><\/video>\n\t\t\t\t<\/div>\n\t\t\t\t\t\t<\/div>\n\t\t\t\t<\/div>\n\t\t<div class=\"elementor-element elementor-element-6a80eb9 e-con-full e-flex e-con e-child\" data-id=\"6a80eb9\" data-element_type=\"container\">\n\t\t\t\t<div class=\"elementor-element elementor-element-4868195 aux-appear-watch-animation aux-fade-in-up-1 elementor-widget elementor-widget-aux_modern_heading\" data-id=\"4868195\" data-element_type=\"widget\" data-widget_type=\"aux_modern_heading.default\">\n\t\t\t\t<div class=\"elementor-widget-container\">\n\t\t\t\t\t<section class=\"aux-widget-modern-heading\">\n            <div class=\"aux-widget-inner\"><h5 class=\"aux-modern-heading-primary\"><\/h5><h2 class=\"aux-modern-heading-secondary\"><span class=\"aux-head-before\">Plan <\/span><span class=\"aux-head-highlight\">Strat\u00e9gique <\/span><\/h2><div class=\"aux-modern-heading-divider\"><\/div><div class=\"aux-modern-heading-description\"><p>De l\u2019extraction des blocs les plus pr\u00e9cieux en carri\u00e8re \u00e0 leur transformation avec pr\u00e9cision et soin artisanal, jusqu\u2019\u00e0 la r\u00e9alisation de projets personnalis\u00e9s, nous suivons chaque \u00e9tape avec attention et professionnalisme. Chaque projet repr\u00e9sente pour nous une occasion d\u2019unir cr\u00e9ativit\u00e9, comp\u00e9tence et fiabilit\u00e9, en offrant un service complet et sur mesure, toujours attentif aux besoins de ceux qui nous choisissent.<\/p><\/div><\/div>\n        <\/section>\t\t\t\t<\/div>\n\t\t\t\t<\/div>\n\t\t\t\t<\/div>\n\t\t\t\t\t<\/div>\n\t\t\t\t<\/div>\n\t\t\t\t<\/div>","protected":false},"excerpt":{"rendered":"<p>Our Services From materialto project Extraction We carefully select and extract the finest marble blocks directly from the quarry, ensuring quality, safety, and respect for the environment. Production \u00a0 \u00a0 We transform marble blocks into slabs and finished products with precision, craftsmanship, and cutting\u2011edge technology.\u00a0 Custom \u00a0 \u00a0 We create tailor\u2011made projects, adapting marble to [&hellip;]<\/p>","protected":false},"author":1,"featured_media":0,"parent":0,"menu_order":0,"comment_status":"closed","ping_status":"closed","template":"","meta":{"footnotes":""},"class_list":["post-66","page","type-page","status-publish","hentry"],"_links":{"self":[{"href":"https:\/\/mondialgranit.com\/fr\/wp-json\/wp\/v2\/pages\/66","targetHints":{"allow":["GET"]}}],"collection":[{"href":"https:\/\/mondialgranit.com\/fr\/wp-json\/wp\/v2\/pages"}],"about":[{"href":"https:\/\/mondialgranit.com\/fr\/wp-json\/wp\/v2\/types\/page"}],"author":[{"embeddable":true,"href":"https:\/\/mondialgranit.com\/fr\/wp-json\/wp\/v2\/users\/1"}],"replies":[{"embeddable":true,"href":"https:\/\/mondialgranit.com\/fr\/wp-json\/wp\/v2\/comments?post=66"}],"version-history":[{"count":202,"href":"https:\/\/mondialgranit.com\/fr\/wp-json\/wp\/v2\/pages\/66\/revisions"}],"predecessor-version":[{"id":897,"href":"https:\/\/mondialgranit.com\/fr\/wp-json\/wp\/v2\/pages\/66\/revisions\/897"}],"wp:attachment":[{"href":"https:\/\/mondialgranit.com\/fr\/wp-json\/wp\/v2\/media?parent=66"}],"curies":[{"name":"wp","href":"https:\/\/api.w.org\/{rel}","templated":true}]}}