{"id":66,"date":"2020-10-05T12:38:09","date_gmt":"2020-10-05T12:38:09","guid":{"rendered":"https:\/\/mondialgranit.com\/index.php\/services\/"},"modified":"2026-01-27T10:19:33","modified_gmt":"2026-01-27T10:19:33","slug":"services","status":"publish","type":"page","link":"https:\/\/mondialgranit.com\/es\/services\/","title":{"rendered":"Servicios"},"content":{"rendered":"<div data-elementor-type=\"wp-page\" data-elementor-id=\"66\" class=\"elementor elementor-66\">\n\t\t\t\t<div class=\"aux-parallax-section elementor-element elementor-element-6089a89 e-flex e-con-boxed e-con e-parent\" data-id=\"6089a89\" data-element_type=\"container\" data-settings=\"{&quot;background_background&quot;:&quot;classic&quot;}\">\n\t\t\t\t\t<div class=\"e-con-inner\">\n\t\t<div class=\"elementor-element elementor-element-8380f2d e-con-full e-flex e-con e-child\" data-id=\"8380f2d\" data-element_type=\"container\">\n\t\t\t\t<div class=\"elementor-element elementor-element-fab8da3 aux-appear-watch-animation aux-scale-down-1 elementor-widget elementor-widget-aux_modern_heading\" data-id=\"fab8da3\" data-element_type=\"widget\" data-widget_type=\"aux_modern_heading.default\">\n\t\t\t\t<div class=\"elementor-widget-container\">\n\t\t\t\t\t<section class=\"aux-widget-modern-heading\">\n            <div class=\"aux-widget-inner\"><h5 class=\"aux-modern-heading-primary\">Nuestros Servicios<\/h5><h3 class=\"aux-modern-heading-secondary\"><span class=\"aux-head-before\">Del material<\/span><span class=\"aux-head-highlight\">al proyecto<\/span><\/h3><div class=\"aux-modern-heading-divider\"><\/div><\/div>\n        <\/section>\t\t\t\t<\/div>\n\t\t\t\t<\/div>\n\t\t\t\t<\/div>\n\t\t\t\t\t<\/div>\n\t\t\t\t<\/div>\n\t\t<div class=\"aux-parallax-section elementor-element elementor-element-56cf265 e-con-full e-flex e-con e-parent\" data-id=\"56cf265\" data-element_type=\"container\">\n\t\t<div class=\"elementor-element elementor-element-f510278 e-con-full e-flex e-con e-child\" data-id=\"f510278\" data-element_type=\"container\">\n\t\t\t\t<div class=\"elementor-element elementor-element-39a9708 aux-appear-watch-animation aux-scale-down-1 elementor-widget elementor-widget-aux_text\" data-id=\"39a9708\" data-element_type=\"widget\" data-widget_type=\"aux_text.default\">\n\t\t\t\t<div class=\"elementor-widget-container\">\n\t\t\t\t\t<section class=\"widget-container aux-widget-text aux-parent-au2afb2ace\">        <div class=\"aux-widget-advanced-text aux-wrap-style-simple aux-ico-pos- aux-text-left aux-text-resp- aux-text-color-dark aux-text-widget-bg-center\" >\n        \n            \n            <div class=\"aux-text-inner aux-text-widget-content\">\n                                <h4 class=\"col-title\">Extracci\u00f3n<\/h4>\n                                <div class=\"widget-content\">\n                                        <p>Seleccionamos y extraemos con cuidado los bloques de m\u00e1rmol m\u00e1s preciados directamente de la cantera, garantizando calidad, seguridad y respeto por el medio ambiente.<\/p>                <\/div>\n                            <\/div>\n        <\/div>\n                    <div class=\"aux-text-widget-footer\">\n                <div class=\"aux-border-shape-none\">\n                                <\/div>\n            <\/div>\n        \n<\/section><!-- widget-container -->\t\t\t\t<\/div>\n\t\t\t\t<\/div>\n\t\t\t\t<\/div>\n\t\t<div class=\"elementor-element elementor-element-45e02f2 e-con-full e-flex e-con e-child\" data-id=\"45e02f2\" data-element_type=\"container\">\n\t\t\t\t<div class=\"elementor-element elementor-element-0449e55 aux-appear-watch-animation aux-fade-in-right-1 elementor-widget__width-initial elementor-widget-mobile__width-initial elementor-widget elementor-widget-aux_text\" data-id=\"0449e55\" data-element_type=\"widget\" data-widget_type=\"aux_text.default\">\n\t\t\t\t<div class=\"elementor-widget-container\">\n\t\t\t\t\t<section class=\"widget-container aux-widget-text aux-parent-au3d660351\">        <div class=\"aux-widget-advanced-text aux-wrap-style-simple aux-ico-pos- aux-text-left aux-text-resp- aux-text-color-dark aux-text-widget-bg-center\" >\n        \n            \n            <div class=\"aux-text-inner aux-text-widget-content\">\n                                <h4 class=\"col-title\">Producci\u00f3n<\/h4>\n                                <div class=\"widget-content\">\n                                        <p>\u00a0<\/p><p>\u00a0<\/p><p>Transformamos los bloques de m\u00e1rmol en losas y productos terminados con precisi\u00f3n, maestr\u00eda artesanal y tecnolog\u00edas de vanguardia.<span class=\"Apple-converted-space\">\u00a0<\/span><\/p>                <\/div>\n                            <\/div>\n        <\/div>\n                    <div class=\"aux-text-widget-footer\">\n                <div class=\"aux-border-shape-none\">\n                                <\/div>\n            <\/div>\n        \n<\/section><!-- widget-container -->\t\t\t\t<\/div>\n\t\t\t\t<\/div>\n\t\t\t\t<\/div>\n\t\t<div class=\"elementor-element elementor-element-59d5c2a e-con-full e-flex e-con e-child\" data-id=\"59d5c2a\" data-element_type=\"container\">\n\t\t\t\t<div class=\"elementor-element elementor-element-4bb68fb aux-appear-watch-animation aux-fade-in-right-1 elementor-widget__width-initial elementor-widget-mobile__width-initial elementor-widget-tablet__width-initial elementor-widget elementor-widget-aux_text\" data-id=\"4bb68fb\" data-element_type=\"widget\" data-widget_type=\"aux_text.default\">\n\t\t\t\t<div class=\"elementor-widget-container\">\n\t\t\t\t\t<section class=\"widget-container aux-widget-text aux-parent-au94c1cf1f\">        <div class=\"aux-widget-advanced-text aux-wrap-style-simple aux-ico-pos- aux-text-left aux-text-resp- aux-text-color-dark aux-text-widget-bg-center\" >\n        \n            \n            <div class=\"aux-text-inner aux-text-widget-content\">\n                                <h4 class=\"col-title\">Personalizaci\u00f3n<\/h4>\n                                <div class=\"widget-content\">\n                                        <p>\u00a0<\/p><p>\u00a0<\/p><p>Realizamos proyectos a medida, adaptando el m\u00e1rmol a las necesidades de dise\u00f1o y estilo de nuestros clientes, siguiendo con cuidado cada fase para garantizar un resultado \u00fanico y elegante.\u00a0<\/p>                <\/div>\n                            <\/div>\n        <\/div>\n                    <div class=\"aux-text-widget-footer\">\n                <div class=\"aux-border-shape-none\">\n                                <\/div>\n            <\/div>\n        \n<\/section><!-- widget-container -->\t\t\t\t<\/div>\n\t\t\t\t<\/div>\n\t\t\t\t<\/div>\n\t\t\t\t<\/div>\n\t\t<div class=\"aux-parallax-section elementor-element elementor-element-e148484 e-flex e-con-boxed e-con e-parent\" data-id=\"e148484\" data-element_type=\"container\" data-settings=\"{&quot;background_background&quot;:&quot;classic&quot;}\">\n\t\t\t\t\t<div class=\"e-con-inner\">\n\t\t<div class=\"elementor-element elementor-element-8fc4811 e-con-full e-flex e-con e-child\" data-id=\"8fc4811\" data-element_type=\"container\">\n\t\t\t\t<div class=\"elementor-element elementor-element-d4cb3db aux-appear-watch-animation aux-fade-in-up-1 elementor-widget elementor-widget-aux_modern_heading\" data-id=\"d4cb3db\" data-element_type=\"widget\" data-widget_type=\"aux_modern_heading.default\">\n\t\t\t\t<div class=\"elementor-widget-container\">\n\t\t\t\t\t<section class=\"aux-widget-modern-heading\">\n            <div class=\"aux-widget-inner\"><h2 class=\"aux-modern-heading-primary\">Nuestro trabajo en el mundo<\/h2><div class=\"aux-modern-heading-divider\"><\/div><\/div>\n        <\/section>\t\t\t\t<\/div>\n\t\t\t\t<\/div>\n\t\t<div class=\"elementor-element elementor-element-6d99199 e-con-full e-flex e-con e-child\" data-id=\"6d99199\" data-element_type=\"container\">\n\t\t<div class=\"elementor-element elementor-element-f1663e2 e-grid e-con-full e-con e-child\" data-id=\"f1663e2\" data-element_type=\"container\">\n\t\t<div class=\"elementor-element elementor-element-da54f8f e-con-full e-flex e-con e-child\" data-id=\"da54f8f\" data-element_type=\"container\">\n\t\t\t\t<div class=\"elementor-element elementor-element-b83b282 elementor-widget elementor-widget-video\" data-id=\"b83b282\" data-element_type=\"widget\" data-settings=\"{&quot;video_type&quot;:&quot;hosted&quot;,&quot;autoplay&quot;:&quot;yes&quot;,&quot;play_on_mobile&quot;:&quot;yes&quot;,&quot;mute&quot;:&quot;yes&quot;,&quot;loop&quot;:&quot;yes&quot;}\" data-widget_type=\"video.default\">\n\t\t\t\t<div class=\"elementor-widget-container\">\n\t\t\t\t\t\t\t<div class=\"e-hosted-video elementor-wrapper elementor-open-inline\">\n\t\t\t\t\t<video class=\"elementor-video\" src=\"https:\/\/mondialgranit.com\/wp-content\/uploads\/2025\/11\/4-1.mov\" autoplay=\"\" loop=\"\" muted=\"muted\" playsinline=\"\" controlslist=\"nodownload\"><\/video>\n\t\t\t\t<\/div>\n\t\t\t\t\t\t<\/div>\n\t\t\t\t<\/div>\n\t\t\t\t<div class=\"elementor-element elementor-element-890bde7 aux-appear-watch-animation aux-fade-in-up-1 elementor-widget elementor-widget-heading\" data-id=\"890bde7\" data-element_type=\"widget\" data-widget_type=\"heading.default\">\n\t\t\t\t<div class=\"elementor-widget-container\">\n\t\t\t\t\t<h2 class=\"elementor-heading-title elementor-size-default\">Producci\u00f3n<\/h2>\t\t\t\t<\/div>\n\t\t\t\t<\/div>\n\t\t\t\t<div class=\"elementor-element elementor-element-877cc37 elementor-widget__width-initial aux-appear-watch-animation aux-fade-in-up-1 elementor-widget elementor-widget-text-editor\" data-id=\"877cc37\" data-element_type=\"widget\" data-widget_type=\"text-editor.default\">\n\t\t\t\t<div class=\"elementor-widget-container\">\n\t\t\t\t\t\t\t\t\t<p style=\"text-align: center;\">Cada fase del proceso, desde la extracci\u00f3n hasta el acabado, se realiza con el m\u00e1ximo cuidado para garantizar los m\u00e1s altos est\u00e1ndares de calidad y precisi\u00f3n. En nuestros talleres, el m\u00e1rmol toma forma mediante cortes precisos, pulidos impecables y trabajos personalizados dise\u00f1ados para realzar la belleza natural de la piedra.<\/p>\t\t\t\t\t\t\t\t<\/div>\n\t\t\t\t<\/div>\n\t\t\t\t<\/div>\n\t\t<div class=\"elementor-element elementor-element-e82f9e3 e-con-full e-flex e-con e-child\" data-id=\"e82f9e3\" data-element_type=\"container\">\n\t\t\t\t<div class=\"elementor-element elementor-element-9424e45 elementor-widget elementor-widget-video\" data-id=\"9424e45\" data-element_type=\"widget\" data-settings=\"{&quot;video_type&quot;:&quot;hosted&quot;,&quot;autoplay&quot;:&quot;yes&quot;,&quot;play_on_mobile&quot;:&quot;yes&quot;,&quot;mute&quot;:&quot;yes&quot;,&quot;loop&quot;:&quot;yes&quot;}\" data-widget_type=\"video.default\">\n\t\t\t\t<div class=\"elementor-widget-container\">\n\t\t\t\t\t\t\t<div class=\"e-hosted-video elementor-wrapper elementor-open-inline\">\n\t\t\t\t\t<video class=\"elementor-video\" src=\"https:\/\/mondialgranit.com\/wp-content\/uploads\/2025\/11\/01c0f864-ea0f-43ea-b6b0-fe84dde758b7.mov\" autoplay=\"\" loop=\"\" muted=\"muted\" playsinline=\"\" controlslist=\"nodownload\"><\/video>\n\t\t\t\t<\/div>\n\t\t\t\t\t\t<\/div>\n\t\t\t\t<\/div>\n\t\t\t\t<div class=\"elementor-element elementor-element-f21195f aux-appear-watch-animation aux-fade-in-up-1 elementor-widget elementor-widget-heading\" data-id=\"f21195f\" data-element_type=\"widget\" data-widget_type=\"heading.default\">\n\t\t\t\t<div class=\"elementor-widget-container\">\n\t\t\t\t\t<h2 class=\"elementor-heading-title elementor-size-default\">Canteras <\/h2>\t\t\t\t<\/div>\n\t\t\t\t<\/div>\n\t\t\t\t<div class=\"elementor-element elementor-element-0d57a94 elementor-widget__width-initial aux-appear-watch-animation aux-fade-in-up-1 elementor-widget elementor-widget-text-editor\" data-id=\"0d57a94\" data-element_type=\"widget\" data-widget_type=\"text-editor.default\">\n\t\t\t\t<div class=\"elementor-widget-container\">\n\t\t\t\t\t\t\t\t\t<p style=\"text-align: center;\">Nuestras canteras son el origen de cada proyecto, donde la belleza del m\u00e1rmol toma forma. Aqu\u00ed la naturaleza se encuentra con la experiencia humana, en un equilibrio entre tradici\u00f3n e innovaci\u00f3n. Cada bloque se extrae y selecciona con cuidado para preservar su singularidad, pureza y vetas, garantizando una materia prima de calidad excepcional.<\/p>\t\t\t\t\t\t\t\t<\/div>\n\t\t\t\t<\/div>\n\t\t\t\t<\/div>\n\t\t\t\t<\/div>\n\t\t\t\t<\/div>\n\t\t\t\t<\/div>\n\t\t\t\t\t<\/div>\n\t\t\t\t<\/div>\n\t\t<div class=\"aux-parallax-section elementor-element elementor-element-8bb0bb3 e-flex e-con-boxed e-con e-parent\" data-id=\"8bb0bb3\" data-element_type=\"container\">\n\t\t\t\t\t<div class=\"e-con-inner\">\n\t\t<div class=\"elementor-element elementor-element-48f8572 e-con-full e-flex e-con e-child\" data-id=\"48f8572\" data-element_type=\"container\">\n\t\t<div class=\"elementor-element elementor-element-3b53285 e-con-full e-flex e-con e-child\" data-id=\"3b53285\" data-element_type=\"container\">\n\t\t<div class=\"elementor-element elementor-element-cae9db5 e-con-full e-flex e-con e-child\" data-id=\"cae9db5\" data-element_type=\"container\">\n\t\t\t\t<div class=\"elementor-element elementor-element-1371bfc aux-appear-watch-animation aux-fade-in-up-1 elementor-widget elementor-widget-aux_modern_heading\" data-id=\"1371bfc\" data-element_type=\"widget\" data-widget_type=\"aux_modern_heading.default\">\n\t\t\t\t<div class=\"elementor-widget-container\">\n\t\t\t\t\t<section class=\"aux-widget-modern-heading\">\n            <div class=\"aux-widget-inner\"><h5 class=\"aux-modern-heading-primary\"><\/h5><div class=\"aux-modern-heading-secondary\"><span class=\"aux-head-highlight\">Por Qu\u00e9 Elegirnos y <\/span><span class=\"aux-head-after\">Confiar en Nosotros <\/span><\/div><div class=\"aux-modern-heading-divider\"><\/div><div class=\"aux-modern-heading-description\"><p data-start=\"49\" data-end=\"363\">Elegir nuestra empresa significa confiar en profesionales expertos, guiados por una verdadera pasi\u00f3n por la calidad y una atenci\u00f3n meticulosa a cada detalle. Desde la extracci\u00f3n en nuestras canteras, pasando por la elaboraci\u00f3n artesanal en nuestros talleres, hasta la realizaci\u00f3n de proyectos a medida, seguimos cada fase con rigor y dedicaci\u00f3n.<\/p><p data-start=\"365\" data-end=\"710\" data-is-last-node=\"\" data-is-only-node=\"\">Garantizamos materiales excelentes, seleccionados con cuidado para preservar su belleza natural, y soluciones innovadoras que combinan funcionalidad y est\u00e9tica. Cada creaci\u00f3n es el resultado de competencia, precisi\u00f3n y visi\u00f3n, pensada para transformar los espacios en ambientes elegantes, armoniosos y atemporales, capaces de dejar una impresi\u00f3n duradera.<\/p><\/div><\/div>\n        <\/section>\t\t\t\t<\/div>\n\t\t\t\t<\/div>\n\t\t\t\t<\/div>\n\t\t<div class=\"elementor-element elementor-element-1079099 e-con-full e-flex e-con e-child\" data-id=\"1079099\" data-element_type=\"container\">\n\t\t\t\t<div class=\"elementor-element elementor-element-4038455 elementor-widget elementor-widget-video\" data-id=\"4038455\" data-element_type=\"widget\" data-settings=\"{&quot;video_type&quot;:&quot;hosted&quot;,&quot;autoplay&quot;:&quot;yes&quot;,&quot;play_on_mobile&quot;:&quot;yes&quot;,&quot;mute&quot;:&quot;yes&quot;,&quot;loop&quot;:&quot;yes&quot;}\" data-widget_type=\"video.default\">\n\t\t\t\t<div class=\"elementor-widget-container\">\n\t\t\t\t\t\t\t<div class=\"e-hosted-video elementor-wrapper elementor-open-inline\">\n\t\t\t\t\t<video class=\"elementor-video\" src=\"https:\/\/mondialgranit.com\/wp-content\/uploads\/2025\/11\/1-2.mov\" autoplay=\"\" loop=\"\" muted=\"muted\" playsinline=\"\" controlslist=\"nodownload\"><\/video>\n\t\t\t\t<\/div>\n\t\t\t\t\t\t<\/div>\n\t\t\t\t<\/div>\n\t\t\t\t<\/div>\n\t\t\t\t<\/div>\n\t\t\t\t<\/div>\n\t\t\t\t\t<\/div>\n\t\t\t\t<\/div>\n\t\t<div class=\"aux-parallax-section elementor-element elementor-element-191a34b e-flex e-con-boxed e-con e-parent\" data-id=\"191a34b\" data-element_type=\"container\">\n\t\t\t\t\t<div class=\"e-con-inner\">\n\t\t<div class=\"elementor-element elementor-element-511fabb e-con-full e-flex e-con e-child\" data-id=\"511fabb\" data-element_type=\"container\">\n\t\t<div class=\"elementor-element elementor-element-e9a7734 e-con-full e-flex e-con e-child\" data-id=\"e9a7734\" data-element_type=\"container\">\n\t\t<div class=\"elementor-element elementor-element-e4b39eb aux-appear-watch-animation aux-fade-in-up-1 e-con-full e-flex e-con e-child\" data-id=\"e4b39eb\" data-element_type=\"container\">\n\t\t\t\t<div class=\"elementor-element elementor-element-7cde58e elementor-widget__width-auto aux-appear-watch-animation aux-fade-in-up-1 elementor-widget elementor-widget-aux_modern_heading\" data-id=\"7cde58e\" data-element_type=\"widget\" data-widget_type=\"aux_modern_heading.default\">\n\t\t\t\t<div class=\"elementor-widget-container\">\n\t\t\t\t\t<section class=\"aux-widget-modern-heading\">\n            <div class=\"aux-widget-inner\"><h2 class=\"aux-modern-heading-primary\">01<\/h2><\/div>\n        <\/section>\t\t\t\t<\/div>\n\t\t\t\t<\/div>\n\t\t\t\t<div class=\"elementor-element elementor-element-a378b47 elementor-widget__width-auto elementor-widget-mobile__width-initial aux-appear-watch-animation aux-fade-in-up-1 elementor-widget elementor-widget-aux_modern_heading\" data-id=\"a378b47\" data-element_type=\"widget\" data-widget_type=\"aux_modern_heading.default\">\n\t\t\t\t<div class=\"elementor-widget-container\">\n\t\t\t\t\t<section class=\"aux-widget-modern-heading\">\n            <div class=\"aux-widget-inner\"><h2 class=\"aux-modern-heading-primary\">34 a\u00f1os de experiencia<\/h2><div class=\"aux-modern-heading-description\"><p>Competencia, precisi\u00f3n y fiabilidad.<\/p><\/div><\/div>\n        <\/section>\t\t\t\t<\/div>\n\t\t\t\t<\/div>\n\t\t\t\t<\/div>\n\t\t\t\t<\/div>\n\t\t<div class=\"elementor-element elementor-element-3c2643c e-con-full e-flex e-con e-child\" data-id=\"3c2643c\" data-element_type=\"container\">\n\t\t\t\t<div class=\"elementor-element elementor-element-1e2ca02 elementor-widget__width-auto aux-appear-watch-animation aux-fade-in-up-1 elementor-widget elementor-widget-aux_modern_heading\" data-id=\"1e2ca02\" data-element_type=\"widget\" data-widget_type=\"aux_modern_heading.default\">\n\t\t\t\t<div class=\"elementor-widget-container\">\n\t\t\t\t\t<section class=\"aux-widget-modern-heading\">\n            <div class=\"aux-widget-inner\"><h2 class=\"aux-modern-heading-primary\">02<\/h2><\/div>\n        <\/section>\t\t\t\t<\/div>\n\t\t\t\t<\/div>\n\t\t\t\t<div class=\"elementor-element elementor-element-b89ace8 elementor-widget__width-auto elementor-widget-mobile__width-initial aux-appear-watch-animation aux-fade-in-up-1 elementor-widget elementor-widget-aux_modern_heading\" data-id=\"b89ace8\" data-element_type=\"widget\" data-widget_type=\"aux_modern_heading.default\">\n\t\t\t\t<div class=\"elementor-widget-container\">\n\t\t\t\t\t<section class=\"aux-widget-modern-heading\">\n            <div class=\"aux-widget-inner\"><h2 class=\"aux-modern-heading-primary\">Profesionales <\/h2><div class=\"aux-modern-heading-description\"><p>Desde la asesor\u00eda hasta la realizaci\u00f3n.\u00a0<\/p><\/div><\/div>\n        <\/section>\t\t\t\t<\/div>\n\t\t\t\t<\/div>\n\t\t\t\t<\/div>\n\t\t<div class=\"elementor-element elementor-element-092dcb3 e-con-full e-flex e-con e-child\" data-id=\"092dcb3\" data-element_type=\"container\">\n\t\t\t\t<div class=\"elementor-element elementor-element-9335fd1 elementor-widget__width-auto aux-appear-watch-animation aux-fade-in-up-1 elementor-widget elementor-widget-aux_modern_heading\" data-id=\"9335fd1\" data-element_type=\"widget\" data-widget_type=\"aux_modern_heading.default\">\n\t\t\t\t<div class=\"elementor-widget-container\">\n\t\t\t\t\t<section class=\"aux-widget-modern-heading\">\n            <div class=\"aux-widget-inner\"><h2 class=\"aux-modern-heading-primary\">03<\/h2><\/div>\n        <\/section>\t\t\t\t<\/div>\n\t\t\t\t<\/div>\n\t\t\t\t<div class=\"elementor-element elementor-element-de75337 elementor-widget__width-auto elementor-widget-mobile__width-initial aux-appear-watch-animation aux-fade-in-up-1 elementor-widget elementor-widget-aux_modern_heading\" data-id=\"de75337\" data-element_type=\"widget\" data-widget_type=\"aux_modern_heading.default\">\n\t\t\t\t<div class=\"elementor-widget-container\">\n\t\t\t\t\t<section class=\"aux-widget-modern-heading\">\n            <div class=\"aux-widget-inner\"><h2 class=\"aux-modern-heading-primary\">Dise\u00f1amos soluciones <\/h2><div class=\"aux-modern-heading-description\"><p>De la visi\u00f3n a la realidad, con precisi\u00f3n y calidad.<span class=\"Apple-converted-space\">\u00a0<\/span><\/p><\/div><\/div>\n        <\/section>\t\t\t\t<\/div>\n\t\t\t\t<\/div>\n\t\t\t\t<\/div>\n\t\t\t\t<\/div>\n\t\t\t\t<div class=\"elementor-element elementor-element-c1f1723 elementor-widget__width-initial elementor-widget-mobile__width-initial elementor-widget elementor-widget-video\" data-id=\"c1f1723\" data-element_type=\"widget\" data-settings=\"{&quot;video_type&quot;:&quot;hosted&quot;,&quot;autoplay&quot;:&quot;yes&quot;,&quot;play_on_mobile&quot;:&quot;yes&quot;,&quot;mute&quot;:&quot;yes&quot;,&quot;loop&quot;:&quot;yes&quot;}\" data-widget_type=\"video.default\">\n\t\t\t\t<div class=\"elementor-widget-container\">\n\t\t\t\t\t\t\t<div class=\"e-hosted-video elementor-wrapper elementor-open-inline\">\n\t\t\t\t\t<video class=\"elementor-video\" src=\"https:\/\/mondialgranit.com\/wp-content\/uploads\/2025\/11\/4-2.mov\" autoplay=\"\" loop=\"\" muted=\"muted\" playsinline=\"\" controlslist=\"nodownload\"><\/video>\n\t\t\t\t<\/div>\n\t\t\t\t\t\t<\/div>\n\t\t\t\t<\/div>\n\t\t<div class=\"elementor-element elementor-element-6a80eb9 e-con-full e-flex e-con e-child\" data-id=\"6a80eb9\" data-element_type=\"container\">\n\t\t\t\t<div class=\"elementor-element elementor-element-4868195 aux-appear-watch-animation aux-fade-in-up-1 elementor-widget elementor-widget-aux_modern_heading\" data-id=\"4868195\" data-element_type=\"widget\" data-widget_type=\"aux_modern_heading.default\">\n\t\t\t\t<div class=\"elementor-widget-container\">\n\t\t\t\t\t<section class=\"aux-widget-modern-heading\">\n            <div class=\"aux-widget-inner\"><h5 class=\"aux-modern-heading-primary\"><\/h5><h2 class=\"aux-modern-heading-secondary\"><span class=\"aux-head-before\">Plan <\/span><span class=\"aux-head-highlight\">estrat\u00e9gico <\/span><\/h2><div class=\"aux-modern-heading-divider\"><\/div><div class=\"aux-modern-heading-description\"><p>Desde la extracci\u00f3n de los bloques m\u00e1s preciados en la cantera, hasta su elaboraci\u00f3n con precisi\u00f3n y cuidado artesanal, y la realizaci\u00f3n de proyectos personalizados, seguimos cada fase con atenci\u00f3n y profesionalidad. Cada proyecto representa para nosotros una oportunidad de unir creatividad, competencia y fiabilidad, ofreciendo un servicio completo y a medida, siempre atento a las necesidades de quienes nos eligen.<\/p><\/div><\/div>\n        <\/section>\t\t\t\t<\/div>\n\t\t\t\t<\/div>\n\t\t\t\t<\/div>\n\t\t\t\t\t<\/div>\n\t\t\t\t<\/div>\n\t\t\t\t<\/div>","protected":false},"excerpt":{"rendered":"<p>Our Services From materialto project Extraction We carefully select and extract the finest marble blocks directly from the quarry, ensuring quality, safety, and respect for the environment. Production \u00a0 \u00a0 We transform marble blocks into slabs and finished products with precision, craftsmanship, and cutting\u2011edge technology.\u00a0 Custom \u00a0 \u00a0 We create tailor\u2011made projects, adapting marble to [&hellip;]<\/p>","protected":false},"author":1,"featured_media":0,"parent":0,"menu_order":0,"comment_status":"closed","ping_status":"closed","template":"","meta":{"footnotes":""},"class_list":["post-66","page","type-page","status-publish","hentry"],"_links":{"self":[{"href":"https:\/\/mondialgranit.com\/es\/wp-json\/wp\/v2\/pages\/66","targetHints":{"allow":["GET"]}}],"collection":[{"href":"https:\/\/mondialgranit.com\/es\/wp-json\/wp\/v2\/pages"}],"about":[{"href":"https:\/\/mondialgranit.com\/es\/wp-json\/wp\/v2\/types\/page"}],"author":[{"embeddable":true,"href":"https:\/\/mondialgranit.com\/es\/wp-json\/wp\/v2\/users\/1"}],"replies":[{"embeddable":true,"href":"https:\/\/mondialgranit.com\/es\/wp-json\/wp\/v2\/comments?post=66"}],"version-history":[{"count":202,"href":"https:\/\/mondialgranit.com\/es\/wp-json\/wp\/v2\/pages\/66\/revisions"}],"predecessor-version":[{"id":897,"href":"https:\/\/mondialgranit.com\/es\/wp-json\/wp\/v2\/pages\/66\/revisions\/897"}],"wp:attachment":[{"href":"https:\/\/mondialgranit.com\/es\/wp-json\/wp\/v2\/media?parent=66"}],"curies":[{"name":"wp","href":"https:\/\/api.w.org\/{rel}","templated":true}]}}