{"id":66,"date":"2020-10-05T12:38:09","date_gmt":"2020-10-05T12:38:09","guid":{"rendered":"https:\/\/mondialgranit.com\/index.php\/services\/"},"modified":"2026-01-27T10:19:33","modified_gmt":"2026-01-27T10:19:33","slug":"services","status":"publish","type":"page","link":"https:\/\/mondialgranit.com\/de\/services\/","title":{"rendered":"Dienstleistungen"},"content":{"rendered":"<div data-elementor-type=\"wp-page\" data-elementor-id=\"66\" class=\"elementor elementor-66\">\n\t\t\t\t<div class=\"aux-parallax-section elementor-element elementor-element-6089a89 e-flex e-con-boxed e-con e-parent\" data-id=\"6089a89\" data-element_type=\"container\" data-settings=\"{&quot;background_background&quot;:&quot;classic&quot;}\">\n\t\t\t\t\t<div class=\"e-con-inner\">\n\t\t<div class=\"elementor-element elementor-element-8380f2d e-con-full e-flex e-con e-child\" data-id=\"8380f2d\" data-element_type=\"container\">\n\t\t\t\t<div class=\"elementor-element elementor-element-fab8da3 aux-appear-watch-animation aux-scale-down-1 elementor-widget elementor-widget-aux_modern_heading\" data-id=\"fab8da3\" data-element_type=\"widget\" data-widget_type=\"aux_modern_heading.default\">\n\t\t\t\t<div class=\"elementor-widget-container\">\n\t\t\t\t\t<section class=\"aux-widget-modern-heading\">\n            <div class=\"aux-widget-inner\"><h5 class=\"aux-modern-heading-primary\">Unsere Dienstleistungen<\/h5><h3 class=\"aux-modern-heading-secondary\"><span class=\"aux-head-before\">Vom Material<\/span><span class=\"aux-head-highlight\">zum Projekt<\/span><\/h3><div class=\"aux-modern-heading-divider\"><\/div><\/div>\n        <\/section>\t\t\t\t<\/div>\n\t\t\t\t<\/div>\n\t\t\t\t<\/div>\n\t\t\t\t\t<\/div>\n\t\t\t\t<\/div>\n\t\t<div class=\"aux-parallax-section elementor-element elementor-element-56cf265 e-con-full e-flex e-con e-parent\" data-id=\"56cf265\" data-element_type=\"container\">\n\t\t<div class=\"elementor-element elementor-element-f510278 e-con-full e-flex e-con e-child\" data-id=\"f510278\" data-element_type=\"container\">\n\t\t\t\t<div class=\"elementor-element elementor-element-39a9708 aux-appear-watch-animation aux-scale-down-1 elementor-widget elementor-widget-aux_text\" data-id=\"39a9708\" data-element_type=\"widget\" data-widget_type=\"aux_text.default\">\n\t\t\t\t<div class=\"elementor-widget-container\">\n\t\t\t\t\t<section class=\"widget-container aux-widget-text aux-parent-au62967434\">        <div class=\"aux-widget-advanced-text aux-wrap-style-simple aux-ico-pos- aux-text-left aux-text-resp- aux-text-color-dark aux-text-widget-bg-center\" >\n        \n            \n            <div class=\"aux-text-inner aux-text-widget-content\">\n                                <h4 class=\"col-title\">Abbau<\/h4>\n                                <div class=\"widget-content\">\n                                        <p>Wir w\u00e4hlen die hochwertigsten Marmorbl\u00f6cke sorgf\u00e4ltig aus und gewinnen sie direkt im Steinbruch, wobei wir Qualit\u00e4t, Sicherheit und Umweltvertr\u00e4glichkeit gew\u00e4hrleisten.<\/p>                <\/div>\n                            <\/div>\n        <\/div>\n                    <div class=\"aux-text-widget-footer\">\n                <div class=\"aux-border-shape-none\">\n                                <\/div>\n            <\/div>\n        \n<\/section><!-- widget-container -->\t\t\t\t<\/div>\n\t\t\t\t<\/div>\n\t\t\t\t<\/div>\n\t\t<div class=\"elementor-element elementor-element-45e02f2 e-con-full e-flex e-con e-child\" data-id=\"45e02f2\" data-element_type=\"container\">\n\t\t\t\t<div class=\"elementor-element elementor-element-0449e55 aux-appear-watch-animation aux-fade-in-right-1 elementor-widget__width-initial elementor-widget-mobile__width-initial elementor-widget elementor-widget-aux_text\" data-id=\"0449e55\" data-element_type=\"widget\" data-widget_type=\"aux_text.default\">\n\t\t\t\t<div class=\"elementor-widget-container\">\n\t\t\t\t\t<section class=\"widget-container aux-widget-text aux-parent-au728a12a0\">        <div class=\"aux-widget-advanced-text aux-wrap-style-simple aux-ico-pos- aux-text-left aux-text-resp- aux-text-color-dark aux-text-widget-bg-center\" >\n        \n            \n            <div class=\"aux-text-inner aux-text-widget-content\">\n                                <h4 class=\"col-title\">Produktion<\/h4>\n                                <div class=\"widget-content\">\n                                        <p>\u00a0<\/p><p>\u00a0<\/p><p>Wir verwandeln die Marmorbl\u00f6cke mit Pr\u00e4zision, handwerklicher Meisterschaft und modernster Technologie in Platten und Fertigprodukte.<span class=\"Apple-converted-space\">\u00a0<\/span><\/p>                <\/div>\n                            <\/div>\n        <\/div>\n                    <div class=\"aux-text-widget-footer\">\n                <div class=\"aux-border-shape-none\">\n                                <\/div>\n            <\/div>\n        \n<\/section><!-- widget-container -->\t\t\t\t<\/div>\n\t\t\t\t<\/div>\n\t\t\t\t<\/div>\n\t\t<div class=\"elementor-element elementor-element-59d5c2a e-con-full e-flex e-con e-child\" data-id=\"59d5c2a\" data-element_type=\"container\">\n\t\t\t\t<div class=\"elementor-element elementor-element-4bb68fb aux-appear-watch-animation aux-fade-in-right-1 elementor-widget__width-initial elementor-widget-mobile__width-initial elementor-widget-tablet__width-initial elementor-widget elementor-widget-aux_text\" data-id=\"4bb68fb\" data-element_type=\"widget\" data-widget_type=\"aux_text.default\">\n\t\t\t\t<div class=\"elementor-widget-container\">\n\t\t\t\t\t<section class=\"widget-container aux-widget-text aux-parent-au68759424\">        <div class=\"aux-widget-advanced-text aux-wrap-style-simple aux-ico-pos- aux-text-left aux-text-resp- aux-text-color-dark aux-text-widget-bg-center\" >\n        \n            \n            <div class=\"aux-text-inner aux-text-widget-content\">\n                                <h4 class=\"col-title\">Personalisierung<\/h4>\n                                <div class=\"widget-content\">\n                                        <p>\u00a0<\/p><p>\u00a0<\/p><p>Wir realisieren ma\u00dfgeschneiderte Projekte, passen den Marmor an die Design- und Stilw\u00fcnsche unserer Kunden an und begleiten jede Phase sorgf\u00e4ltig, um ein einzigartiges und elegantes Ergebnis zu gew\u00e4hrleisten.\u00a0<\/p>                <\/div>\n                            <\/div>\n        <\/div>\n                    <div class=\"aux-text-widget-footer\">\n                <div class=\"aux-border-shape-none\">\n                                <\/div>\n            <\/div>\n        \n<\/section><!-- widget-container -->\t\t\t\t<\/div>\n\t\t\t\t<\/div>\n\t\t\t\t<\/div>\n\t\t\t\t<\/div>\n\t\t<div class=\"aux-parallax-section elementor-element elementor-element-e148484 e-flex e-con-boxed e-con e-parent\" data-id=\"e148484\" data-element_type=\"container\" data-settings=\"{&quot;background_background&quot;:&quot;classic&quot;}\">\n\t\t\t\t\t<div class=\"e-con-inner\">\n\t\t<div class=\"elementor-element elementor-element-8fc4811 e-con-full e-flex e-con e-child\" data-id=\"8fc4811\" data-element_type=\"container\">\n\t\t\t\t<div class=\"elementor-element elementor-element-d4cb3db aux-appear-watch-animation aux-fade-in-up-1 elementor-widget elementor-widget-aux_modern_heading\" data-id=\"d4cb3db\" data-element_type=\"widget\" data-widget_type=\"aux_modern_heading.default\">\n\t\t\t\t<div class=\"elementor-widget-container\">\n\t\t\t\t\t<section class=\"aux-widget-modern-heading\">\n            <div class=\"aux-widget-inner\"><h2 class=\"aux-modern-heading-primary\">Unsere Arbeit weltweit<\/h2><div class=\"aux-modern-heading-divider\"><\/div><\/div>\n        <\/section>\t\t\t\t<\/div>\n\t\t\t\t<\/div>\n\t\t<div class=\"elementor-element elementor-element-6d99199 e-con-full e-flex e-con e-child\" data-id=\"6d99199\" data-element_type=\"container\">\n\t\t<div class=\"elementor-element elementor-element-f1663e2 e-grid e-con-full e-con e-child\" data-id=\"f1663e2\" data-element_type=\"container\">\n\t\t<div class=\"elementor-element elementor-element-da54f8f e-con-full e-flex e-con e-child\" data-id=\"da54f8f\" data-element_type=\"container\">\n\t\t\t\t<div class=\"elementor-element elementor-element-b83b282 elementor-widget elementor-widget-video\" data-id=\"b83b282\" data-element_type=\"widget\" data-settings=\"{&quot;video_type&quot;:&quot;hosted&quot;,&quot;autoplay&quot;:&quot;yes&quot;,&quot;play_on_mobile&quot;:&quot;yes&quot;,&quot;mute&quot;:&quot;yes&quot;,&quot;loop&quot;:&quot;yes&quot;}\" data-widget_type=\"video.default\">\n\t\t\t\t<div class=\"elementor-widget-container\">\n\t\t\t\t\t\t\t<div class=\"e-hosted-video elementor-wrapper elementor-open-inline\">\n\t\t\t\t\t<video class=\"elementor-video\" src=\"https:\/\/mondialgranit.com\/wp-content\/uploads\/2025\/11\/4-1.mov\" autoplay=\"\" loop=\"\" muted=\"muted\" playsinline=\"\" controlslist=\"nodownload\"><\/video>\n\t\t\t\t<\/div>\n\t\t\t\t\t\t<\/div>\n\t\t\t\t<\/div>\n\t\t\t\t<div class=\"elementor-element elementor-element-890bde7 aux-appear-watch-animation aux-fade-in-up-1 elementor-widget elementor-widget-heading\" data-id=\"890bde7\" data-element_type=\"widget\" data-widget_type=\"heading.default\">\n\t\t\t\t<div class=\"elementor-widget-container\">\n\t\t\t\t\t<h2 class=\"elementor-heading-title elementor-size-default\">Produktion<\/h2>\t\t\t\t<\/div>\n\t\t\t\t<\/div>\n\t\t\t\t<div class=\"elementor-element elementor-element-877cc37 elementor-widget__width-initial aux-appear-watch-animation aux-fade-in-up-1 elementor-widget elementor-widget-text-editor\" data-id=\"877cc37\" data-element_type=\"widget\" data-widget_type=\"text-editor.default\">\n\t\t\t\t<div class=\"elementor-widget-container\">\n\t\t\t\t\t\t\t\t\t<p style=\"text-align: center;\">Jede Phase des Prozesses, vom Abbau bis zur Fertigstellung, wird mit gr\u00f6\u00dfter Sorgfalt ausgef\u00fchrt, um die h\u00f6chsten Standards in Qualit\u00e4t und Pr\u00e4zision zu gew\u00e4hrleisten. In unseren Werkst\u00e4tten nimmt der Marmor Gestalt an \u2013 durch pr\u00e4zise Schnitte, makellose Polierungen und ma\u00dfgeschneiderte Bearbeitungen, die die nat\u00fcrliche Sch\u00f6nheit des Steins hervorheben.<\/p>\t\t\t\t\t\t\t\t<\/div>\n\t\t\t\t<\/div>\n\t\t\t\t<\/div>\n\t\t<div class=\"elementor-element elementor-element-e82f9e3 e-con-full e-flex e-con e-child\" data-id=\"e82f9e3\" data-element_type=\"container\">\n\t\t\t\t<div class=\"elementor-element elementor-element-9424e45 elementor-widget elementor-widget-video\" data-id=\"9424e45\" data-element_type=\"widget\" data-settings=\"{&quot;video_type&quot;:&quot;hosted&quot;,&quot;autoplay&quot;:&quot;yes&quot;,&quot;play_on_mobile&quot;:&quot;yes&quot;,&quot;mute&quot;:&quot;yes&quot;,&quot;loop&quot;:&quot;yes&quot;}\" data-widget_type=\"video.default\">\n\t\t\t\t<div class=\"elementor-widget-container\">\n\t\t\t\t\t\t\t<div class=\"e-hosted-video elementor-wrapper elementor-open-inline\">\n\t\t\t\t\t<video class=\"elementor-video\" src=\"https:\/\/mondialgranit.com\/wp-content\/uploads\/2025\/11\/01c0f864-ea0f-43ea-b6b0-fe84dde758b7.mov\" autoplay=\"\" loop=\"\" muted=\"muted\" playsinline=\"\" controlslist=\"nodownload\"><\/video>\n\t\t\t\t<\/div>\n\t\t\t\t\t\t<\/div>\n\t\t\t\t<\/div>\n\t\t\t\t<div class=\"elementor-element elementor-element-f21195f aux-appear-watch-animation aux-fade-in-up-1 elementor-widget elementor-widget-heading\" data-id=\"f21195f\" data-element_type=\"widget\" data-widget_type=\"heading.default\">\n\t\t\t\t<div class=\"elementor-widget-container\">\n\t\t\t\t\t<h2 class=\"elementor-heading-title elementor-size-default\">Steinbr\u00fcche <\/h2>\t\t\t\t<\/div>\n\t\t\t\t<\/div>\n\t\t\t\t<div class=\"elementor-element elementor-element-0d57a94 elementor-widget__width-initial aux-appear-watch-animation aux-fade-in-up-1 elementor-widget elementor-widget-text-editor\" data-id=\"0d57a94\" data-element_type=\"widget\" data-widget_type=\"text-editor.default\">\n\t\t\t\t<div class=\"elementor-widget-container\">\n\t\t\t\t\t\t\t\t\t<p style=\"text-align: center;\">Unsere Steinbr\u00fcche sind der Ursprung jedes Projekts \u2013 dort, wo die Sch\u00f6nheit des Marmors Gestalt annimmt.\nHier trifft die Natur auf menschliche Erfahrung, in einem Gleichgewicht zwischen Tradition und Innovation.\nJeder Block wird sorgf\u00e4ltig abgebaut und ausgew\u00e4hlt, um seine Einzigartigkeit, Reinheit und nat\u00fcrliche Maserung zu bewahren und eine au\u00dfergew\u00f6hnlich hochwertige Rohware zu garantieren.<\/p>\t\t\t\t\t\t\t\t<\/div>\n\t\t\t\t<\/div>\n\t\t\t\t<\/div>\n\t\t\t\t<\/div>\n\t\t\t\t<\/div>\n\t\t\t\t<\/div>\n\t\t\t\t\t<\/div>\n\t\t\t\t<\/div>\n\t\t<div class=\"aux-parallax-section elementor-element elementor-element-8bb0bb3 e-flex e-con-boxed e-con e-parent\" data-id=\"8bb0bb3\" data-element_type=\"container\">\n\t\t\t\t\t<div class=\"e-con-inner\">\n\t\t<div class=\"elementor-element elementor-element-48f8572 e-con-full e-flex e-con e-child\" data-id=\"48f8572\" data-element_type=\"container\">\n\t\t<div class=\"elementor-element elementor-element-3b53285 e-con-full e-flex e-con e-child\" data-id=\"3b53285\" data-element_type=\"container\">\n\t\t<div class=\"elementor-element elementor-element-cae9db5 e-con-full e-flex e-con e-child\" data-id=\"cae9db5\" data-element_type=\"container\">\n\t\t\t\t<div class=\"elementor-element elementor-element-1371bfc aux-appear-watch-animation aux-fade-in-up-1 elementor-widget elementor-widget-aux_modern_heading\" data-id=\"1371bfc\" data-element_type=\"widget\" data-widget_type=\"aux_modern_heading.default\">\n\t\t\t\t<div class=\"elementor-widget-container\">\n\t\t\t\t\t<section class=\"aux-widget-modern-heading\">\n            <div class=\"aux-widget-inner\"><h5 class=\"aux-modern-heading-primary\"><\/h5><div class=\"aux-modern-heading-secondary\"><span class=\"aux-head-highlight\">Warum uns w\u00e4hlen und <\/span><span class=\"aux-head-after\">Uns vertrauen <\/span><\/div><div class=\"aux-modern-heading-divider\"><\/div><div class=\"aux-modern-heading-description\"><p data-start=\"49\" data-end=\"363\">Unser Unternehmen zu w\u00e4hlen bedeutet, sich auf erfahrene Fachleute zu verlassen, die von echter Leidenschaft f\u00fcr Qualit\u00e4t und akribischer Aufmerksamkeit f\u00fcr jedes Detail geleitet werden. Vom Abbau in unseren Steinbr\u00fcchen \u00fcber die handwerkliche Verarbeitung in unseren Werkst\u00e4tten bis hin zur Umsetzung ma\u00dfgeschneiderter Projekte begleiten wir jede Phase mit Strenge und Hingabe.<\/p><p data-start=\"365\" data-end=\"710\" data-is-last-node=\"\" data-is-only-node=\"\">Wir garantieren ausgezeichnete Materialien, sorgf\u00e4ltig ausgew\u00e4hlt, um ihre nat\u00fcrliche Sch\u00f6nheit zu bewahren, sowie innovative L\u00f6sungen, die Funktionalit\u00e4t und \u00c4sthetik vereinen. Jede Kreation ist das Ergebnis von Fachkompetenz, Pr\u00e4zision und Vision und darauf ausgelegt, R\u00e4ume in elegante, harmonische und zeitlose Umgebungen zu verwandeln, die einen bleibenden Eindruck hinterlassen.<\/p><\/div><\/div>\n        <\/section>\t\t\t\t<\/div>\n\t\t\t\t<\/div>\n\t\t\t\t<\/div>\n\t\t<div class=\"elementor-element elementor-element-1079099 e-con-full e-flex e-con e-child\" data-id=\"1079099\" data-element_type=\"container\">\n\t\t\t\t<div class=\"elementor-element elementor-element-4038455 elementor-widget elementor-widget-video\" data-id=\"4038455\" data-element_type=\"widget\" data-settings=\"{&quot;video_type&quot;:&quot;hosted&quot;,&quot;autoplay&quot;:&quot;yes&quot;,&quot;play_on_mobile&quot;:&quot;yes&quot;,&quot;mute&quot;:&quot;yes&quot;,&quot;loop&quot;:&quot;yes&quot;}\" data-widget_type=\"video.default\">\n\t\t\t\t<div class=\"elementor-widget-container\">\n\t\t\t\t\t\t\t<div class=\"e-hosted-video elementor-wrapper elementor-open-inline\">\n\t\t\t\t\t<video class=\"elementor-video\" src=\"https:\/\/mondialgranit.com\/wp-content\/uploads\/2025\/11\/1-2.mov\" autoplay=\"\" loop=\"\" muted=\"muted\" playsinline=\"\" controlslist=\"nodownload\"><\/video>\n\t\t\t\t<\/div>\n\t\t\t\t\t\t<\/div>\n\t\t\t\t<\/div>\n\t\t\t\t<\/div>\n\t\t\t\t<\/div>\n\t\t\t\t<\/div>\n\t\t\t\t\t<\/div>\n\t\t\t\t<\/div>\n\t\t<div class=\"aux-parallax-section elementor-element elementor-element-191a34b e-flex e-con-boxed e-con e-parent\" data-id=\"191a34b\" data-element_type=\"container\">\n\t\t\t\t\t<div class=\"e-con-inner\">\n\t\t<div class=\"elementor-element elementor-element-511fabb e-con-full e-flex e-con e-child\" data-id=\"511fabb\" data-element_type=\"container\">\n\t\t<div class=\"elementor-element elementor-element-e9a7734 e-con-full e-flex e-con e-child\" data-id=\"e9a7734\" data-element_type=\"container\">\n\t\t<div class=\"elementor-element elementor-element-e4b39eb aux-appear-watch-animation aux-fade-in-up-1 e-con-full e-flex e-con e-child\" data-id=\"e4b39eb\" data-element_type=\"container\">\n\t\t\t\t<div class=\"elementor-element elementor-element-7cde58e elementor-widget__width-auto aux-appear-watch-animation aux-fade-in-up-1 elementor-widget elementor-widget-aux_modern_heading\" data-id=\"7cde58e\" data-element_type=\"widget\" data-widget_type=\"aux_modern_heading.default\">\n\t\t\t\t<div class=\"elementor-widget-container\">\n\t\t\t\t\t<section class=\"aux-widget-modern-heading\">\n            <div class=\"aux-widget-inner\"><h2 class=\"aux-modern-heading-primary\">01<\/h2><\/div>\n        <\/section>\t\t\t\t<\/div>\n\t\t\t\t<\/div>\n\t\t\t\t<div class=\"elementor-element elementor-element-a378b47 elementor-widget__width-auto elementor-widget-mobile__width-initial aux-appear-watch-animation aux-fade-in-up-1 elementor-widget elementor-widget-aux_modern_heading\" data-id=\"a378b47\" data-element_type=\"widget\" data-widget_type=\"aux_modern_heading.default\">\n\t\t\t\t<div class=\"elementor-widget-container\">\n\t\t\t\t\t<section class=\"aux-widget-modern-heading\">\n            <div class=\"aux-widget-inner\"><h2 class=\"aux-modern-heading-primary\">34 Jahre Erfahrung<\/h2><div class=\"aux-modern-heading-description\"><p>Kompetenz, Pr\u00e4zision und Zuverl\u00e4ssigkeit.<\/p><\/div><\/div>\n        <\/section>\t\t\t\t<\/div>\n\t\t\t\t<\/div>\n\t\t\t\t<\/div>\n\t\t\t\t<\/div>\n\t\t<div class=\"elementor-element elementor-element-3c2643c e-con-full e-flex e-con e-child\" data-id=\"3c2643c\" data-element_type=\"container\">\n\t\t\t\t<div class=\"elementor-element elementor-element-1e2ca02 elementor-widget__width-auto aux-appear-watch-animation aux-fade-in-up-1 elementor-widget elementor-widget-aux_modern_heading\" data-id=\"1e2ca02\" data-element_type=\"widget\" data-widget_type=\"aux_modern_heading.default\">\n\t\t\t\t<div class=\"elementor-widget-container\">\n\t\t\t\t\t<section class=\"aux-widget-modern-heading\">\n            <div class=\"aux-widget-inner\"><h2 class=\"aux-modern-heading-primary\">02<\/h2><\/div>\n        <\/section>\t\t\t\t<\/div>\n\t\t\t\t<\/div>\n\t\t\t\t<div class=\"elementor-element elementor-element-b89ace8 elementor-widget__width-auto elementor-widget-mobile__width-initial aux-appear-watch-animation aux-fade-in-up-1 elementor-widget elementor-widget-aux_modern_heading\" data-id=\"b89ace8\" data-element_type=\"widget\" data-widget_type=\"aux_modern_heading.default\">\n\t\t\t\t<div class=\"elementor-widget-container\">\n\t\t\t\t\t<section class=\"aux-widget-modern-heading\">\n            <div class=\"aux-widget-inner\"><h2 class=\"aux-modern-heading-primary\">Fachleute <\/h2><div class=\"aux-modern-heading-description\"><p>Von der Beratung bis zur Umsetzung.\u00a0<\/p><\/div><\/div>\n        <\/section>\t\t\t\t<\/div>\n\t\t\t\t<\/div>\n\t\t\t\t<\/div>\n\t\t<div class=\"elementor-element elementor-element-092dcb3 e-con-full e-flex e-con e-child\" data-id=\"092dcb3\" data-element_type=\"container\">\n\t\t\t\t<div class=\"elementor-element elementor-element-9335fd1 elementor-widget__width-auto aux-appear-watch-animation aux-fade-in-up-1 elementor-widget elementor-widget-aux_modern_heading\" data-id=\"9335fd1\" data-element_type=\"widget\" data-widget_type=\"aux_modern_heading.default\">\n\t\t\t\t<div class=\"elementor-widget-container\">\n\t\t\t\t\t<section class=\"aux-widget-modern-heading\">\n            <div class=\"aux-widget-inner\"><h2 class=\"aux-modern-heading-primary\">03<\/h2><\/div>\n        <\/section>\t\t\t\t<\/div>\n\t\t\t\t<\/div>\n\t\t\t\t<div class=\"elementor-element elementor-element-de75337 elementor-widget__width-auto elementor-widget-mobile__width-initial aux-appear-watch-animation aux-fade-in-up-1 elementor-widget elementor-widget-aux_modern_heading\" data-id=\"de75337\" data-element_type=\"widget\" data-widget_type=\"aux_modern_heading.default\">\n\t\t\t\t<div class=\"elementor-widget-container\">\n\t\t\t\t\t<section class=\"aux-widget-modern-heading\">\n            <div class=\"aux-widget-inner\"><h2 class=\"aux-modern-heading-primary\">Wir entwickeln L\u00f6sungen <\/h2><div class=\"aux-modern-heading-description\"><p>Von der Vision zur Realit\u00e4t \u2013 mit Pr\u00e4zision und Qualit\u00e4t.<span class=\"Apple-converted-space\">\u00a0<\/span><\/p><\/div><\/div>\n        <\/section>\t\t\t\t<\/div>\n\t\t\t\t<\/div>\n\t\t\t\t<\/div>\n\t\t\t\t<\/div>\n\t\t\t\t<div class=\"elementor-element elementor-element-c1f1723 elementor-widget__width-initial elementor-widget-mobile__width-initial elementor-widget elementor-widget-video\" data-id=\"c1f1723\" data-element_type=\"widget\" data-settings=\"{&quot;video_type&quot;:&quot;hosted&quot;,&quot;autoplay&quot;:&quot;yes&quot;,&quot;play_on_mobile&quot;:&quot;yes&quot;,&quot;mute&quot;:&quot;yes&quot;,&quot;loop&quot;:&quot;yes&quot;}\" data-widget_type=\"video.default\">\n\t\t\t\t<div class=\"elementor-widget-container\">\n\t\t\t\t\t\t\t<div class=\"e-hosted-video elementor-wrapper elementor-open-inline\">\n\t\t\t\t\t<video class=\"elementor-video\" src=\"https:\/\/mondialgranit.com\/wp-content\/uploads\/2025\/11\/4-2.mov\" autoplay=\"\" loop=\"\" muted=\"muted\" playsinline=\"\" controlslist=\"nodownload\"><\/video>\n\t\t\t\t<\/div>\n\t\t\t\t\t\t<\/div>\n\t\t\t\t<\/div>\n\t\t<div class=\"elementor-element elementor-element-6a80eb9 e-con-full e-flex e-con e-child\" data-id=\"6a80eb9\" data-element_type=\"container\">\n\t\t\t\t<div class=\"elementor-element elementor-element-4868195 aux-appear-watch-animation aux-fade-in-up-1 elementor-widget elementor-widget-aux_modern_heading\" data-id=\"4868195\" data-element_type=\"widget\" data-widget_type=\"aux_modern_heading.default\">\n\t\t\t\t<div class=\"elementor-widget-container\">\n\t\t\t\t\t<section class=\"aux-widget-modern-heading\">\n            <div class=\"aux-widget-inner\"><h5 class=\"aux-modern-heading-primary\"><\/h5><h2 class=\"aux-modern-heading-secondary\"><span class=\"aux-head-before\">Strategischer <\/span><span class=\"aux-head-highlight\">Plan <\/span><\/h2><div class=\"aux-modern-heading-divider\"><\/div><div class=\"aux-modern-heading-description\"><p>Vom Abbau der hochwertigsten Bl\u00f6cke im Steinbruch \u00fcber ihre pr\u00e4zise und handwerklich sorgf\u00e4ltige Verarbeitung bis hin zur Umsetzung ma\u00dfgeschneiderter Projekte begleiten wir jede Phase mit Aufmerksamkeit und Professionalit\u00e4t. F\u00fcr uns stellt jedes Projekt eine Gelegenheit dar, Kreativit\u00e4t, Fachkompetenz und Zuverl\u00e4ssigkeit zu vereinen und einen umfassenden, individuell abgestimmten Service zu bieten, der stets die Bed\u00fcrfnisse unserer Kunden in den Mittelpunkt stellt.<\/p><\/div><\/div>\n        <\/section>\t\t\t\t<\/div>\n\t\t\t\t<\/div>\n\t\t\t\t<\/div>\n\t\t\t\t\t<\/div>\n\t\t\t\t<\/div>\n\t\t\t\t<\/div>","protected":false},"excerpt":{"rendered":"<p>Our Services From materialto project Extraction We carefully select and extract the finest marble blocks directly from the quarry, ensuring quality, safety, and respect for the environment. Production \u00a0 \u00a0 We transform marble blocks into slabs and finished products with precision, craftsmanship, and cutting\u2011edge technology.\u00a0 Custom \u00a0 \u00a0 We create tailor\u2011made projects, adapting marble to [&hellip;]<\/p>","protected":false},"author":1,"featured_media":0,"parent":0,"menu_order":0,"comment_status":"closed","ping_status":"closed","template":"","meta":{"footnotes":""},"class_list":["post-66","page","type-page","status-publish","hentry"],"_links":{"self":[{"href":"https:\/\/mondialgranit.com\/de\/wp-json\/wp\/v2\/pages\/66","targetHints":{"allow":["GET"]}}],"collection":[{"href":"https:\/\/mondialgranit.com\/de\/wp-json\/wp\/v2\/pages"}],"about":[{"href":"https:\/\/mondialgranit.com\/de\/wp-json\/wp\/v2\/types\/page"}],"author":[{"embeddable":true,"href":"https:\/\/mondialgranit.com\/de\/wp-json\/wp\/v2\/users\/1"}],"replies":[{"embeddable":true,"href":"https:\/\/mondialgranit.com\/de\/wp-json\/wp\/v2\/comments?post=66"}],"version-history":[{"count":202,"href":"https:\/\/mondialgranit.com\/de\/wp-json\/wp\/v2\/pages\/66\/revisions"}],"predecessor-version":[{"id":897,"href":"https:\/\/mondialgranit.com\/de\/wp-json\/wp\/v2\/pages\/66\/revisions\/897"}],"wp:attachment":[{"href":"https:\/\/mondialgranit.com\/de\/wp-json\/wp\/v2\/media?parent=66"}],"curies":[{"name":"wp","href":"https:\/\/api.w.org\/{rel}","templated":true}]}}